{"id":12608,"date":"2025-02-27T14:47:09","date_gmt":"2025-02-27T14:47:09","guid":{"rendered":"https:\/\/www.drfz.de\/?page_id=12608"},"modified":"2025-02-28T10:46:58","modified_gmt":"2025-02-28T10:46:58","slug":"datenbankprogrammiererin-medizinischer-dokumentarin-m-w-d","status":"publish","type":"page","link":"https:\/\/www.drfz.de\/en\/jobs-at-drfz\/datenbankprogrammiererin-medizinischer-dokumentarin-m-w-d\/","title":{"rendered":"Datenbankprogrammierer:in | Medizinische:r Dokumentar:in (m\/w\/d)"},"content":{"rendered":"\n  <section id=\"lorem-ipsum-dolor-sit-amet\" class=\"section text-grid-with-links  alignwide bg bg--full-width bg--aqua-100\">\n\n    <div class=\"container container--center\">\n      <div class=\"text-grid-with-links__wrapper\">\n\n                  <h2 class=\"text-grid-with-links__heading launimation slideBottom\">Datenbankprogrammierer:in | Medizinische:r Dokumentar:in (m\/w\/d)<\/h2>\n        \n        <div class=\"text-grid-with-links__text\">\n                      <div class=\"text-grid-with-links__desc wysiwyg launimation slideBottom\">\n              <p>Voll- oder Teilzeit. Bezahlung erfolgt je nach Qualifikation nach TV\u00f6D-Bund bis zur EG 11. Ver\u00f6ffentlicht: 26.02.2025<br \/>\n<strong>Bewerbungsfrist: 30.03.2025<\/strong><\/p>\n<p>Das Deutsche Rheuma-Forschungszentrum (DRFZ) Berlin, ein Institut der Leibniz Gemeinschaft, das sich als nationales Leitinstitut der interdisziplin\u00e4ren Erforschung rheumatischer Erkrankungen widmet, sucht f\u00fcr den Programmbereich Epidemiologie und Versorgungsforschung, Gruppe Pharmakoepidemiologie (Leitung: Prof. Dr. Anja Strangfeld), zum n\u00e4chstm\u00f6glichen Zeitpunkt eine:n:<strong> Datenbankprogrammierer:in | Medizinische:r Dokumentar:in (m\/w\/d)<\/strong><\/p>\n            <\/div>\n                  <\/div>\n\n                  <nav class=\"text-grid-with-links__links\">\n            <a href=\"\/forschung\/pb2\/ag\/pharmakoepidemiologie\/\" class=\"text-grid-with-links__link launimation slideBottom\" title=\"AG Strangfeld\" target=\"_blank\"><span>AG Strangfeld<\/span><\/a>          <\/nav>\n        \n      <\/div><!-- container-double -->\n    <\/div><!-- container -->\n\n  <\/section>\n\n\n\n\n<h3 class=\"wp-block-heading toc-item\" id=\"das-erwartet-sie\">Das erwartet Sie:<\/h3>\n\n\n\n<ul class=\"wp-block-list\">\n<li>Mitarbeit in der multizentrischen Kohortenstudie RABBIT&nbsp;<a href=\"https:\/\/biologika-register.de\/\">(biologika-register.de)<\/a><\/li>\n\n\n\n<li>Unterst\u00fctzung bei der script-basierten Pr\u00fcfung und Korrektur von Datens\u00e4tzen mittels SPSS<\/li>\n\n\n\n<li>Unterst\u00fctzung bei der Entwicklung, Pflege und Abfrage von Datenbanken, insbesondere unter Einsatz von SQL<\/li>\n\n\n\n<li>Monitoring klinischer Daten (Plausibilit\u00e4ts- und Fehlerpr\u00fcfung in CRFs, Prozesskontrolle)<\/li>\n\n\n\n<li>Organisatorische T\u00e4tigkeiten wie telefonischer und schriftlicher Kontakt zu rheumatologischen Einrichtungen<\/li>\n<\/ul>\n\n\n\n<h3 class=\"wp-block-heading toc-item\" id=\"das-bringen-sie-mit\">Das bringen Sie mit:<\/h3>\n\n\n\n<ul class=\"wp-block-list\">\n<li>einen Hochschulabschluss als med. Dokumentar:in (Bachelor) oder vergleichbare Qualifikation<\/li>\n\n\n\n<li>nachweisliche Erfahrung im Datenmanagement wissenschaftlicher L\u00e4ngsschnittstudien<\/li>\n\n\n\n<li>Fundierte Kenntnisse in Datenbankprogrammierung, -pflege und -administration, insbesondere mit SQL-Abfragen.<\/li>\n\n\n\n<li>Kenntnisse in einer Statistiksoftware wie SPSS, R, oder SAS<\/li>\n\n\n\n<li>sehr gute Sprachkenntnisse in Deutsch<\/li>\n\n\n\n<li>sehr gute Kenntnisse in Standardsoftware (MS Office)<\/li>\n\n\n\n<li>einen hohen, pers\u00f6nlichen Anspruch an sorgf\u00e4ltige, strukturierte und qualit\u00e4tsbewusste Aufgabenerf\u00fcllung sowie eine selbstst\u00e4ndige Arbeitsweise<\/li>\n\n\n\n<li>Verantwortungsbewusstsein, Organisationstalent, Teamf\u00e4higkeit<\/li>\n<\/ul>\n\n\n\n<h3 class=\"wp-block-heading toc-item\" id=\"darueber-wuerden-wir-uns-freuen\">Dar\u00fcber w\u00fcrden wir uns freuen:<\/h3>\n\n\n\n<ul class=\"wp-block-list\">\n<li>Programmierung und Optimierung von eCRFs f\u00fcr klinische Studien, z.B. in REDCap<\/li>\n\n\n\n<li>Interesse an epidemiologischen Studien und medizinischen Fragestellungen<\/li>\n<\/ul>\n\n\n\n<h3 class=\"wp-block-heading toc-item\" id=\"darauf-koennen-sie-sich-freuen-\">Darauf k\u00f6nnen Sie sich freuen:<strong>&nbsp;&nbsp;<\/strong><\/h3>\n\n\n\n<ul class=\"wp-block-list\">\n<li>Ein interessantes und abwechslungsreiches Aufgabengebiet in einem interdisziplin\u00e4ren, hochmotivierten Team<\/li>\n\n\n\n<li>Flexible Arbeitszeiten und ein attraktives Arbeitsumfeld in zentraler Lage von Berlin<\/li>\n\n\n\n<li>M\u00f6glichkeit zur Mitgestaltung eines etablierten, jedoch best\u00e4ndig wachsenden Forschungsprojektes<\/li>\n\n\n\n<li>Gr\u00fcndliche Einarbeitung und kollegiale Unterst\u00fctzung<\/li>\n<\/ul>\n\n\n\n<p class=\"wp-block-paragraph\">Das Arbeitsverh\u00e4ltnis ist zun\u00e4chst auf zwei Jahre befristet, eine Verl\u00e4ngerung wird angestrebt. Die Bezahlung erfolgt je nach Qualifikation nach TV\u00f6D-Bund bis zur EG 11. Bewerbungen mit Lebenslauf und Arbeitszeugnissen (per E-Mail)&nbsp;<strong>bitte in einem Dokument<\/strong>&nbsp;und&nbsp;<strong>bis zum 30.03.2025<\/strong>&nbsp;an Frau Dr. Eva Voll, Deutsches Rheuma-Forschungszentrum Berlin, Programmbereich Epidemiologie, Charit\u00e9platz 1, 10117 Berlin. F\u00fcr R\u00fcckfragen:&nbsp;<strong><a href=\"mailto:eva.voll@drfz.de\">eva.voll@drfz.de<\/a>.<\/strong><\/p>\n\n\n\n<p class=\"wp-block-paragraph\">Das DRFZ ist ein Institut, das Chancengleichheit und F\u00f6rderma\u00dfnahmen zugunsten von Minderheiten ber\u00fccksichtigt. Bewerbungen von Menschen mit Migrationshintergrund, schwerbehinderten Menschen und Menschen aus unterrepr\u00e4sentierten Gruppen, die die Rekrutierungsanforderungen erf\u00fcllen, sind sehr willkommen. Zus\u00e4tzlich wurde das DRFZ f\u00fcr die Jahre 2022-2024 zum dritten Mal mit dem Total E-Quality Gleichstellungspr\u00e4dikat ausgezeichnet und unterst\u00fctzt aktiv flexible Arbeitszeitmodelle, um die Vereinbarkeit von Beruf und Familie zu f\u00f6rdern.<\/p>\n\n\n\n  <section id=\"dieses-stellenangebot-als-pdf-download\"\n           class=\"section downloads  alignwide \">\n\n    <div class=\"container container--center\">\n      <div class=\"downloads__wrapper has-header-link\">\n                  <h2 class=\"section__heading launimation slideBottom\">Dieses Stellenangebot als PDF-Download<\/h2>\n        \n        \n                  <div class=\"downloads__files\">\n                          <a href=\"https:\/\/www.drfz.de\/wp-content\/uploads\/2025\/02\/ausschreibung-meddok-db-admin.pdf\" download\n                 class=\"h6 downloads__file box over launimation slideBottom\">\n                <span class=\"downloads__file-name\">Stellenangebot als PDF-Download<\/span>\n                <i class=\"icon icon--download\"><\/i>\n              <\/a>\n                      <\/div>\n        \n              <\/div>\n    <\/div><!-- container -->\n\n  <\/section>\n\n","protected":false},"excerpt":{"rendered":"<p>Das erwartet Sie: Das bringen Sie mit: Dar\u00fcber w\u00fcrden wir uns freuen: Darauf k\u00f6nnen Sie sich freuen:&nbsp;&nbsp; Das Arbeitsverh\u00e4ltnis ist zun\u00e4chst auf zwei Jahre befristet,\u2026<\/p>\n","protected":false},"author":13,"featured_media":0,"parent":4200,"menu_order":0,"comment_status":"closed","ping_status":"closed","template":"","meta":{"_acf_changed":false,"footnotes":""},"class_list":["post-12608","page","type-page","status-publish","hentry"],"acf":[],"yoast_head":"<!-- This site is optimized with the Yoast SEO plugin v27.5 - https:\/\/yoast.com\/product\/yoast-seo-wordpress\/ -->\n<title>Datenbankprogrammierer:in | Medizinische:r Dokumentar:in (m\/w\/d) - DRFZ<\/title>\n<meta name=\"robots\" content=\"index, follow, max-snippet:-1, max-image-preview:large, max-video-preview:-1\" \/>\n<link rel=\"canonical\" href=\"https:\/\/www.drfz.de\/en\/jobs-at-drfz\/datenbankprogrammiererin-medizinischer-dokumentarin-m-w-d\/\" \/>\n<meta property=\"og:locale\" content=\"en_US\" \/>\n<meta property=\"og:type\" content=\"article\" \/>\n<meta property=\"og:title\" content=\"Datenbankprogrammierer:in | Medizinische:r Dokumentar:in (m\/w\/d) - DRFZ\" \/>\n<meta property=\"og:description\" content=\"Das erwartet Sie: Das bringen Sie mit: Dar\u00fcber w\u00fcrden wir uns freuen: Darauf k\u00f6nnen Sie sich freuen:&nbsp;&nbsp; Das Arbeitsverh\u00e4ltnis ist zun\u00e4chst auf zwei Jahre befristet,\u2026\" \/>\n<meta property=\"og:url\" content=\"https:\/\/www.drfz.de\/en\/jobs-at-drfz\/datenbankprogrammiererin-medizinischer-dokumentarin-m-w-d\/\" \/>\n<meta property=\"og:site_name\" content=\"DRFZ\" \/>\n<meta property=\"article:publisher\" content=\"https:\/\/www.facebook.com\/drfz.de\/\" \/>\n<meta property=\"article:modified_time\" content=\"2025-02-28T10:46:58+00:00\" \/>\n<meta property=\"og:image\" content=\"https:\/\/www.drfz.de\/wp-content\/uploads\/2024\/11\/0265bc75f81cee07e381d8975805d2a6.png\" \/>\n\t<meta property=\"og:image:width\" content=\"1024\" \/>\n\t<meta property=\"og:image:height\" content=\"1024\" \/>\n\t<meta property=\"og:image:type\" content=\"image\/png\" \/>\n<meta name=\"twitter:card\" content=\"summary_large_image\" \/>\n<meta name=\"twitter:site\" content=\"@DRFZ_Berlin\" \/>\n<meta name=\"twitter:label1\" content=\"Est. reading time\" \/>\n\t<meta name=\"twitter:data1\" content=\"3 minutes\" \/>\n<script type=\"application\/ld+json\" class=\"yoast-schema-graph\">{\"@context\":\"https:\\\/\\\/schema.org\",\"@graph\":[{\"@type\":\"WebPage\",\"@id\":\"https:\\\/\\\/www.drfz.de\\\/en\\\/jobs-at-drfz\\\/datenbankprogrammiererin-medizinischer-dokumentarin-m-w-d\\\/\",\"url\":\"https:\\\/\\\/www.drfz.de\\\/en\\\/jobs-at-drfz\\\/datenbankprogrammiererin-medizinischer-dokumentarin-m-w-d\\\/\",\"name\":\"Datenbankprogrammierer:in | Medizinische:r Dokumentar:in (m\\\/w\\\/d) - DRFZ\",\"isPartOf\":{\"@id\":\"https:\\\/\\\/www.drfz.de\\\/en\\\/#website\"},\"datePublished\":\"2025-02-27T14:47:09+00:00\",\"dateModified\":\"2025-02-28T10:46:58+00:00\",\"breadcrumb\":{\"@id\":\"https:\\\/\\\/www.drfz.de\\\/en\\\/jobs-at-drfz\\\/datenbankprogrammiererin-medizinischer-dokumentarin-m-w-d\\\/#breadcrumb\"},\"inLanguage\":\"en-US\",\"potentialAction\":[{\"@type\":\"ReadAction\",\"target\":[\"https:\\\/\\\/www.drfz.de\\\/en\\\/jobs-at-drfz\\\/datenbankprogrammiererin-medizinischer-dokumentarin-m-w-d\\\/\"]}]},{\"@type\":\"BreadcrumbList\",\"@id\":\"https:\\\/\\\/www.drfz.de\\\/en\\\/jobs-at-drfz\\\/datenbankprogrammiererin-medizinischer-dokumentarin-m-w-d\\\/#breadcrumb\",\"itemListElement\":[{\"@type\":\"ListItem\",\"position\":1,\"name\":\"Home\",\"item\":\"https:\\\/\\\/www.drfz.de\\\/en\\\/\"},{\"@type\":\"ListItem\",\"position\":2,\"name\":\"Jobs at DRFZ\",\"item\":\"https:\\\/\\\/www.drfz.de\\\/en\\\/jobs-at-drfz\\\/\"},{\"@type\":\"ListItem\",\"position\":3,\"name\":\"Datenbankprogrammierer:in | Medizinische:r Dokumentar:in (m\\\/w\\\/d)\"}]},{\"@type\":\"WebSite\",\"@id\":\"https:\\\/\\\/www.drfz.de\\\/en\\\/#website\",\"url\":\"https:\\\/\\\/www.drfz.de\\\/en\\\/\",\"name\":\"DRFZ\",\"description\":\"\",\"publisher\":{\"@id\":\"https:\\\/\\\/www.drfz.de\\\/en\\\/#organization\"},\"potentialAction\":[{\"@type\":\"SearchAction\",\"target\":{\"@type\":\"EntryPoint\",\"urlTemplate\":\"https:\\\/\\\/www.drfz.de\\\/en\\\/?s={search_term_string}\"},\"query-input\":{\"@type\":\"PropertyValueSpecification\",\"valueRequired\":true,\"valueName\":\"search_term_string\"}}],\"inLanguage\":\"en-US\"},{\"@type\":\"Organization\",\"@id\":\"https:\\\/\\\/www.drfz.de\\\/en\\\/#organization\",\"name\":\"Deutsches Rheuma-Forschungszentrum\",\"url\":\"https:\\\/\\\/www.drfz.de\\\/en\\\/\",\"logo\":{\"@type\":\"ImageObject\",\"inLanguage\":\"en-US\",\"@id\":\"https:\\\/\\\/www.drfz.de\\\/en\\\/#\\\/schema\\\/logo\\\/image\\\/\",\"url\":\"https:\\\/\\\/www.drfz.de\\\/wp-content\\\/uploads\\\/2024\\\/10\\\/drfz-footer-logo.svg\",\"contentUrl\":\"https:\\\/\\\/www.drfz.de\\\/wp-content\\\/uploads\\\/2024\\\/10\\\/drfz-footer-logo.svg\",\"width\":1,\"height\":1,\"caption\":\"Deutsches Rheuma-Forschungszentrum\"},\"image\":{\"@id\":\"https:\\\/\\\/www.drfz.de\\\/en\\\/#\\\/schema\\\/logo\\\/image\\\/\"},\"sameAs\":[\"https:\\\/\\\/www.facebook.com\\\/drfz.de\\\/\",\"https:\\\/\\\/x.com\\\/DRFZ_Berlin\",\"https:\\\/\\\/www.linkedin.com\\\/company\\\/deutsches-rheuma-forschungszentrum-berlin\",\"https:\\\/\\\/www.youtube.com\\\/channel\\\/UCf8nDuqpkWwcmCWmfSTkE3w\"]}]}<\/script>\n<!-- \/ Yoast SEO plugin. -->","yoast_head_json":{"title":"Datenbankprogrammierer:in | Medizinische:r Dokumentar:in (m\/w\/d) - DRFZ","robots":{"index":"index","follow":"follow","max-snippet":"max-snippet:-1","max-image-preview":"max-image-preview:large","max-video-preview":"max-video-preview:-1"},"canonical":"https:\/\/www.drfz.de\/en\/jobs-at-drfz\/datenbankprogrammiererin-medizinischer-dokumentarin-m-w-d\/","og_locale":"en_US","og_type":"article","og_title":"Datenbankprogrammierer:in | Medizinische:r Dokumentar:in (m\/w\/d) - DRFZ","og_description":"Das erwartet Sie: Das bringen Sie mit: Dar\u00fcber w\u00fcrden wir uns freuen: Darauf k\u00f6nnen Sie sich freuen:&nbsp;&nbsp; Das Arbeitsverh\u00e4ltnis ist zun\u00e4chst auf zwei Jahre befristet,\u2026","og_url":"https:\/\/www.drfz.de\/en\/jobs-at-drfz\/datenbankprogrammiererin-medizinischer-dokumentarin-m-w-d\/","og_site_name":"DRFZ","article_publisher":"https:\/\/www.facebook.com\/drfz.de\/","article_modified_time":"2025-02-28T10:46:58+00:00","og_image":[{"width":1024,"height":1024,"url":"https:\/\/www.drfz.de\/wp-content\/uploads\/2024\/11\/0265bc75f81cee07e381d8975805d2a6.png","type":"image\/png"}],"twitter_card":"summary_large_image","twitter_site":"@DRFZ_Berlin","twitter_misc":{"Est. reading time":"3 minutes"},"schema":{"@context":"https:\/\/schema.org","@graph":[{"@type":"WebPage","@id":"https:\/\/www.drfz.de\/en\/jobs-at-drfz\/datenbankprogrammiererin-medizinischer-dokumentarin-m-w-d\/","url":"https:\/\/www.drfz.de\/en\/jobs-at-drfz\/datenbankprogrammiererin-medizinischer-dokumentarin-m-w-d\/","name":"Datenbankprogrammierer:in | Medizinische:r Dokumentar:in (m\/w\/d) - DRFZ","isPartOf":{"@id":"https:\/\/www.drfz.de\/en\/#website"},"datePublished":"2025-02-27T14:47:09+00:00","dateModified":"2025-02-28T10:46:58+00:00","breadcrumb":{"@id":"https:\/\/www.drfz.de\/en\/jobs-at-drfz\/datenbankprogrammiererin-medizinischer-dokumentarin-m-w-d\/#breadcrumb"},"inLanguage":"en-US","potentialAction":[{"@type":"ReadAction","target":["https:\/\/www.drfz.de\/en\/jobs-at-drfz\/datenbankprogrammiererin-medizinischer-dokumentarin-m-w-d\/"]}]},{"@type":"BreadcrumbList","@id":"https:\/\/www.drfz.de\/en\/jobs-at-drfz\/datenbankprogrammiererin-medizinischer-dokumentarin-m-w-d\/#breadcrumb","itemListElement":[{"@type":"ListItem","position":1,"name":"Home","item":"https:\/\/www.drfz.de\/en\/"},{"@type":"ListItem","position":2,"name":"Jobs at DRFZ","item":"https:\/\/www.drfz.de\/en\/jobs-at-drfz\/"},{"@type":"ListItem","position":3,"name":"Datenbankprogrammierer:in | Medizinische:r Dokumentar:in (m\/w\/d)"}]},{"@type":"WebSite","@id":"https:\/\/www.drfz.de\/en\/#website","url":"https:\/\/www.drfz.de\/en\/","name":"DRFZ","description":"","publisher":{"@id":"https:\/\/www.drfz.de\/en\/#organization"},"potentialAction":[{"@type":"SearchAction","target":{"@type":"EntryPoint","urlTemplate":"https:\/\/www.drfz.de\/en\/?s={search_term_string}"},"query-input":{"@type":"PropertyValueSpecification","valueRequired":true,"valueName":"search_term_string"}}],"inLanguage":"en-US"},{"@type":"Organization","@id":"https:\/\/www.drfz.de\/en\/#organization","name":"Deutsches Rheuma-Forschungszentrum","url":"https:\/\/www.drfz.de\/en\/","logo":{"@type":"ImageObject","inLanguage":"en-US","@id":"https:\/\/www.drfz.de\/en\/#\/schema\/logo\/image\/","url":"https:\/\/www.drfz.de\/wp-content\/uploads\/2024\/10\/drfz-footer-logo.svg","contentUrl":"https:\/\/www.drfz.de\/wp-content\/uploads\/2024\/10\/drfz-footer-logo.svg","width":1,"height":1,"caption":"Deutsches Rheuma-Forschungszentrum"},"image":{"@id":"https:\/\/www.drfz.de\/en\/#\/schema\/logo\/image\/"},"sameAs":["https:\/\/www.facebook.com\/drfz.de\/","https:\/\/x.com\/DRFZ_Berlin","https:\/\/www.linkedin.com\/company\/deutsches-rheuma-forschungszentrum-berlin","https:\/\/www.youtube.com\/channel\/UCf8nDuqpkWwcmCWmfSTkE3w"]}]}},"_links":{"self":[{"href":"https:\/\/www.drfz.de\/en\/wp-json\/wp\/v2\/pages\/12608","targetHints":{"allow":["GET"]}}],"collection":[{"href":"https:\/\/www.drfz.de\/en\/wp-json\/wp\/v2\/pages"}],"about":[{"href":"https:\/\/www.drfz.de\/en\/wp-json\/wp\/v2\/types\/page"}],"author":[{"embeddable":true,"href":"https:\/\/www.drfz.de\/en\/wp-json\/wp\/v2\/users\/13"}],"replies":[{"embeddable":true,"href":"https:\/\/www.drfz.de\/en\/wp-json\/wp\/v2\/comments?post=12608"}],"version-history":[{"count":1,"href":"https:\/\/www.drfz.de\/en\/wp-json\/wp\/v2\/pages\/12608\/revisions"}],"predecessor-version":[{"id":12609,"href":"https:\/\/www.drfz.de\/en\/wp-json\/wp\/v2\/pages\/12608\/revisions\/12609"}],"up":[{"embeddable":true,"href":"https:\/\/www.drfz.de\/en\/wp-json\/wp\/v2\/pages\/4200"}],"wp:attachment":[{"href":"https:\/\/www.drfz.de\/en\/wp-json\/wp\/v2\/media?parent=12608"}],"curies":[{"name":"wp","href":"https:\/\/api.w.org\/{rel}","templated":true}]}}