{"id":16988,"date":"2025-04-29T15:27:13","date_gmt":"2025-04-29T15:27:13","guid":{"rendered":"https:\/\/www.drfz.de\/?page_id=16988"},"modified":"2025-04-30T08:06:32","modified_gmt":"2025-04-30T08:06:32","slug":"stellenangebot-data-scientist","status":"publish","type":"page","link":"https:\/\/www.drfz.de\/en\/jobs-at-drfz\/stellenangebot-data-scientist\/","title":{"rendered":"Stellenangebot &#8211; Data Scientist"},"content":{"rendered":"\n<h2 class=\"wp-block-heading toc-item\" id=\"statistikerin-data-scientist-mwdiv\"><strong>Statistiker:in | Data Scientist<\/strong> <strong>(m\/w\/div)<\/strong><\/h2>\n\n\n\n<p class=\"wp-block-paragraph\">Das Deutsche Rheuma-Forschungszentrum (DRFZ) Berlin, ein Institut der Leibniz Gemeinschaft, das sich als nationales Leitinstitut der interdisziplin\u00e4ren Erforschung rheumatischer Erkrankungen widmet, sucht f\u00fcr den Programmbereich Epidemiologie und Versorgungsforschung, Arbeitsgruppe Pharmako-epidemiologie (Leitung: Prof. Dr. Anja Strangfeld), zum n\u00e4chstm\u00f6glichen Zeitpunkt eine:n:<\/p>\n\n\n\n<p class=\"wp-block-paragraph\"><strong>Statistiker:in | Data Scientist<\/strong> <strong>(m\/w\/d) in Voll- oder Teilzeit<\/strong><\/p>\n\n\n\n<p class=\"wp-block-paragraph\">Es reizt Sie, mittels umfangreicher, longitudinaler Daten unter Anwendung moderner statistischer Verfahren einen konkreten Beitrag zu einer besseren Versorgung von Rheuma-Patient:innen in Deutschland zu leisten? Dann bringen Sie Ihre Kenntnisse und Erfahrungen in die Datenanalyse der langfristig angelegten, multizentrischen Kohortenstudie RABBIT (<a href=\"http:\/\/www.biologika-register.de\">www.biologika-register.de<\/a>) ein!<\/p>\n\n\n\n<p class=\"wp-block-paragraph\"><strong>Das erwartet Sie:<\/strong><\/p>\n\n\n\n<p class=\"wp-block-paragraph\">Sie arbeiten sich in komplexe Fragestellungen sowie bestehende SAS- und R-Programmcodes ein, entwickeln diese weiter und f\u00fchren statistische Analysen eigenst\u00e4ndig durch.<\/p>\n\n\n\n<p class=\"wp-block-paragraph\">Das Verfassen wissenschaftlicher Publikationen sowie die Mitarbeit an Studienberichten sind ebenso gew\u00fcnscht wie die aktive Teilnahme (durch eigene Vortr\u00e4ge oder Poster) an nationalen und internationalen medizinischen oder biometrischen Kongressen.<\/p>\n\n\n\n<p class=\"wp-block-paragraph\"><strong>Das bringen Sie mit:<\/strong><\/p>\n\n\n\n<ul class=\"wp-block-list\">\n<li>Master oder Uni-Diplom in Statistik, Biometrie, Mathematik, Data Science oder vergleichbar<\/li>\n\n\n\n<li>Fundierte Kenntnisse biometrischer Methoden und komplexer statistischer Verfahren<\/li>\n\n\n\n<li>Erfahrung in fortgeschrittener Programmierung mit Statistiksoftware, idealerweise SAS und R<\/li>\n\n\n\n<li>Erfahrung in der Auswertung epidemiologischer Studien<\/li>\n\n\n\n<li>Wissenschaftliche Neugier sowie Interesse an medizinischen Fragestellungen<\/li>\n\n\n\n<li>Selbst\u00e4ndigkeit und Zuverl\u00e4ssigkeit, sehr gute Englischkenntnisse<\/li>\n\n\n\n<li>Strukturierte und sorgf\u00e4ltige Arbeitsweise sowie Teamf\u00e4higkeit<\/li>\n<\/ul>\n\n\n\n<p class=\"wp-block-paragraph\"><strong>Darauf k\u00f6nnen Sie sich freuen: &nbsp;<\/strong><\/p>\n\n\n\n<p class=\"wp-block-paragraph\">Ein abwechslungsreiches Aufgabengebiet in einem international kompetitiven Projekt<br>Ein interdisziplin\u00e4res, hoch motiviertes Team<br>Wissenschaftlichen Austausch mit Statistiker:innen, Epidemiolog:innen und \u00c4rzt:innen<br>Personalentwicklungsma\u00dfnahmen<br>Flexible Arbeitszeiten, auch in Teilzeit<br>Ein attraktives Arbeitsumfeld in zentraler Lage von Berlin<br>Die M\u00f6glichkeit zur Aufnahme eines Promotionsvorhabens im Rahmen der T\u00e4tigkeit<\/p>\n\n\n\n<p class=\"wp-block-paragraph\">Das Arbeitsverh\u00e4ltnis ist zun\u00e4chst auf zwei Jahre befristet, eine Verl\u00e4ngerung wird angestrebt. Die Bezahlung erfolgt je nach Qualifikation nach TV\u00f6D-Bund bis zur E13. Bewerbungen mit Lebenslauf und Arbeitszeugnissen (per E-Mail) <strong>bitte in einem Dokument<\/strong> und <strong>bis zum 15.05.2025<\/strong> an Frau Dr. Eva Voll, Deutsches Rheuma-Forschungszentrum Berlin, Programmbereich Epidemiologie und Versorgungsforschung, Charit\u00e9platz 1, 10117 Berlin. F\u00fcr R\u00fcckfragen: <a href=\"mailto:eva.voll@drfz.de\">eva.voll@drfz.de<\/a><strong>.<\/strong><\/p>\n\n\n\n<p class=\"wp-block-paragraph\">Das DRFZ ist ein Institut, das Chancengleichheit und F\u00f6rderma\u00dfnahmen zugunsten von Minderheiten ber\u00fccksichtigt. Bewerbungen von Menschen mit Migrationshintergrund, schwerbehinderten Menschen und Menschen aus unterrepr\u00e4sentierten Gruppen, die die Rekrutierungsanforderungen erf\u00fcllen, sind sehr willkommen. Zus\u00e4tzlich wurde das DRFZ dieses Jahr mit dem Total E-Quality Gleichstellungspr\u00e4dikat ausgezeichnet und unterst\u00fctzt aktiv flexible Arbeitszeitmodelle, um die Vereinbarkeit von Beruf und Familie zu f\u00f6rdern.<\/p>\n\n\n\n<p class=\"wp-block-paragraph\"><a href=\"https:\/\/www.drfz.de\/arbeitsgruppen\/pharmakoepidemiologie\/\">AG Strangfeld Pharmakoepidemiologie&#8221;<\/a><\/p>\n\n\n\n  <section id=\"dieses-stellenangebot-als-pdf-download\"\n           class=\"section downloads  alignwide \">\n\n    <div class=\"container container--center\">\n      <div class=\"downloads__wrapper has-header-link\">\n                  <h2 class=\"section__heading launimation slideBottom\">Dieses Stellenangebot als PDF-Download.<\/h2>\n        \n        \n                  <div class=\"downloads__files\">\n                          <a href=\"https:\/\/www.drfz.de\/wp-content\/uploads\/2025\/04\/Ausschreibung-Statistiker-V1-2025-04-14.pdf\" download\n                 class=\"h6 downloads__file box over launimation slideBottom\">\n                <span class=\"downloads__file-name\">Stellenangebot Statistiker:in | Data Scientist (m\/w\/div)<\/span>\n                <i class=\"icon icon--download\"><\/i>\n              <\/a>\n                      <\/div>\n        \n              <\/div>\n    <\/div><!-- container -->\n\n  <\/section>\n\n\n\n\n<p class=\"wp-block-paragraph\"><\/p>\n","protected":false},"excerpt":{"rendered":"<p>Statistiker:in | Data Scientist (m\/w\/div) Das Deutsche Rheuma-Forschungszentrum (DRFZ) Berlin, ein Institut der Leibniz Gemeinschaft, das sich als nationales Leitinstitut der interdisziplin\u00e4ren Erforschung rheumatischer Erkrankungen\u2026<\/p>\n","protected":false},"author":13,"featured_media":0,"parent":4200,"menu_order":0,"comment_status":"closed","ping_status":"closed","template":"","meta":{"_acf_changed":false,"footnotes":""},"class_list":["post-16988","page","type-page","status-publish","hentry"],"acf":[],"yoast_head":"<!-- This site is optimized with the Yoast SEO plugin v27.4 - https:\/\/yoast.com\/product\/yoast-seo-wordpress\/ -->\n<title>Stellenangebot - Data Scientist - DRFZ<\/title>\n<meta name=\"robots\" content=\"index, follow, max-snippet:-1, max-image-preview:large, max-video-preview:-1\" \/>\n<link rel=\"canonical\" href=\"https:\/\/www.drfz.de\/en\/jobs-at-drfz\/stellenangebot-data-scientist\/\" \/>\n<meta property=\"og:locale\" content=\"en_US\" \/>\n<meta property=\"og:type\" content=\"article\" \/>\n<meta property=\"og:title\" content=\"Stellenangebot - Data Scientist - DRFZ\" \/>\n<meta property=\"og:description\" content=\"Statistiker:in | Data Scientist (m\/w\/div) Das Deutsche Rheuma-Forschungszentrum (DRFZ) Berlin, ein Institut der Leibniz Gemeinschaft, das sich als nationales Leitinstitut der interdisziplin\u00e4ren Erforschung rheumatischer Erkrankungen\u2026\" \/>\n<meta property=\"og:url\" content=\"https:\/\/www.drfz.de\/en\/jobs-at-drfz\/stellenangebot-data-scientist\/\" \/>\n<meta property=\"og:site_name\" content=\"DRFZ\" \/>\n<meta property=\"article:publisher\" content=\"https:\/\/www.facebook.com\/drfz.de\/\" \/>\n<meta property=\"article:modified_time\" content=\"2025-04-30T08:06:32+00:00\" \/>\n<meta property=\"og:image\" content=\"https:\/\/www.drfz.de\/wp-content\/uploads\/2024\/11\/0265bc75f81cee07e381d8975805d2a6.png\" \/>\n\t<meta property=\"og:image:width\" content=\"1024\" \/>\n\t<meta property=\"og:image:height\" content=\"1024\" \/>\n\t<meta property=\"og:image:type\" content=\"image\/png\" \/>\n<meta name=\"twitter:card\" content=\"summary_large_image\" \/>\n<meta name=\"twitter:site\" content=\"@DRFZ_Berlin\" \/>\n<meta name=\"twitter:label1\" content=\"Est. reading time\" \/>\n\t<meta name=\"twitter:data1\" content=\"3 minutes\" \/>\n<script type=\"application\/ld+json\" class=\"yoast-schema-graph\">{\"@context\":\"https:\\\/\\\/schema.org\",\"@graph\":[{\"@type\":\"WebPage\",\"@id\":\"https:\\\/\\\/www.drfz.de\\\/en\\\/jobs-at-drfz\\\/stellenangebot-data-scientist\\\/\",\"url\":\"https:\\\/\\\/www.drfz.de\\\/en\\\/jobs-at-drfz\\\/stellenangebot-data-scientist\\\/\",\"name\":\"Stellenangebot - Data Scientist - DRFZ\",\"isPartOf\":{\"@id\":\"https:\\\/\\\/www.drfz.de\\\/en\\\/#website\"},\"datePublished\":\"2025-04-29T15:27:13+00:00\",\"dateModified\":\"2025-04-30T08:06:32+00:00\",\"breadcrumb\":{\"@id\":\"https:\\\/\\\/www.drfz.de\\\/en\\\/jobs-at-drfz\\\/stellenangebot-data-scientist\\\/#breadcrumb\"},\"inLanguage\":\"en-US\",\"potentialAction\":[{\"@type\":\"ReadAction\",\"target\":[\"https:\\\/\\\/www.drfz.de\\\/en\\\/jobs-at-drfz\\\/stellenangebot-data-scientist\\\/\"]}]},{\"@type\":\"BreadcrumbList\",\"@id\":\"https:\\\/\\\/www.drfz.de\\\/en\\\/jobs-at-drfz\\\/stellenangebot-data-scientist\\\/#breadcrumb\",\"itemListElement\":[{\"@type\":\"ListItem\",\"position\":1,\"name\":\"Home\",\"item\":\"https:\\\/\\\/www.drfz.de\\\/en\\\/\"},{\"@type\":\"ListItem\",\"position\":2,\"name\":\"Jobs at DRFZ\",\"item\":\"https:\\\/\\\/www.drfz.de\\\/en\\\/jobs-at-drfz\\\/\"},{\"@type\":\"ListItem\",\"position\":3,\"name\":\"Stellenangebot &#8211; Data Scientist\"}]},{\"@type\":\"WebSite\",\"@id\":\"https:\\\/\\\/www.drfz.de\\\/en\\\/#website\",\"url\":\"https:\\\/\\\/www.drfz.de\\\/en\\\/\",\"name\":\"DRFZ\",\"description\":\"\",\"publisher\":{\"@id\":\"https:\\\/\\\/www.drfz.de\\\/en\\\/#organization\"},\"potentialAction\":[{\"@type\":\"SearchAction\",\"target\":{\"@type\":\"EntryPoint\",\"urlTemplate\":\"https:\\\/\\\/www.drfz.de\\\/en\\\/?s={search_term_string}\"},\"query-input\":{\"@type\":\"PropertyValueSpecification\",\"valueRequired\":true,\"valueName\":\"search_term_string\"}}],\"inLanguage\":\"en-US\"},{\"@type\":\"Organization\",\"@id\":\"https:\\\/\\\/www.drfz.de\\\/en\\\/#organization\",\"name\":\"Deutsches Rheuma-Forschungszentrum\",\"url\":\"https:\\\/\\\/www.drfz.de\\\/en\\\/\",\"logo\":{\"@type\":\"ImageObject\",\"inLanguage\":\"en-US\",\"@id\":\"https:\\\/\\\/www.drfz.de\\\/en\\\/#\\\/schema\\\/logo\\\/image\\\/\",\"url\":\"https:\\\/\\\/www.drfz.de\\\/wp-content\\\/uploads\\\/2024\\\/10\\\/drfz-footer-logo.svg\",\"contentUrl\":\"https:\\\/\\\/www.drfz.de\\\/wp-content\\\/uploads\\\/2024\\\/10\\\/drfz-footer-logo.svg\",\"width\":1,\"height\":1,\"caption\":\"Deutsches Rheuma-Forschungszentrum\"},\"image\":{\"@id\":\"https:\\\/\\\/www.drfz.de\\\/en\\\/#\\\/schema\\\/logo\\\/image\\\/\"},\"sameAs\":[\"https:\\\/\\\/www.facebook.com\\\/drfz.de\\\/\",\"https:\\\/\\\/x.com\\\/DRFZ_Berlin\",\"https:\\\/\\\/www.linkedin.com\\\/company\\\/deutsches-rheuma-forschungszentrum-berlin\",\"https:\\\/\\\/www.youtube.com\\\/channel\\\/UCf8nDuqpkWwcmCWmfSTkE3w\"]}]}<\/script>\n<!-- \/ Yoast SEO plugin. -->","yoast_head_json":{"title":"Stellenangebot - Data Scientist - DRFZ","robots":{"index":"index","follow":"follow","max-snippet":"max-snippet:-1","max-image-preview":"max-image-preview:large","max-video-preview":"max-video-preview:-1"},"canonical":"https:\/\/www.drfz.de\/en\/jobs-at-drfz\/stellenangebot-data-scientist\/","og_locale":"en_US","og_type":"article","og_title":"Stellenangebot - Data Scientist - DRFZ","og_description":"Statistiker:in | Data Scientist (m\/w\/div) Das Deutsche Rheuma-Forschungszentrum (DRFZ) Berlin, ein Institut der Leibniz Gemeinschaft, das sich als nationales Leitinstitut der interdisziplin\u00e4ren Erforschung rheumatischer Erkrankungen\u2026","og_url":"https:\/\/www.drfz.de\/en\/jobs-at-drfz\/stellenangebot-data-scientist\/","og_site_name":"DRFZ","article_publisher":"https:\/\/www.facebook.com\/drfz.de\/","article_modified_time":"2025-04-30T08:06:32+00:00","og_image":[{"width":1024,"height":1024,"url":"https:\/\/www.drfz.de\/wp-content\/uploads\/2024\/11\/0265bc75f81cee07e381d8975805d2a6.png","type":"image\/png"}],"twitter_card":"summary_large_image","twitter_site":"@DRFZ_Berlin","twitter_misc":{"Est. reading time":"3 minutes"},"schema":{"@context":"https:\/\/schema.org","@graph":[{"@type":"WebPage","@id":"https:\/\/www.drfz.de\/en\/jobs-at-drfz\/stellenangebot-data-scientist\/","url":"https:\/\/www.drfz.de\/en\/jobs-at-drfz\/stellenangebot-data-scientist\/","name":"Stellenangebot - Data Scientist - DRFZ","isPartOf":{"@id":"https:\/\/www.drfz.de\/en\/#website"},"datePublished":"2025-04-29T15:27:13+00:00","dateModified":"2025-04-30T08:06:32+00:00","breadcrumb":{"@id":"https:\/\/www.drfz.de\/en\/jobs-at-drfz\/stellenangebot-data-scientist\/#breadcrumb"},"inLanguage":"en-US","potentialAction":[{"@type":"ReadAction","target":["https:\/\/www.drfz.de\/en\/jobs-at-drfz\/stellenangebot-data-scientist\/"]}]},{"@type":"BreadcrumbList","@id":"https:\/\/www.drfz.de\/en\/jobs-at-drfz\/stellenangebot-data-scientist\/#breadcrumb","itemListElement":[{"@type":"ListItem","position":1,"name":"Home","item":"https:\/\/www.drfz.de\/en\/"},{"@type":"ListItem","position":2,"name":"Jobs at DRFZ","item":"https:\/\/www.drfz.de\/en\/jobs-at-drfz\/"},{"@type":"ListItem","position":3,"name":"Stellenangebot &#8211; Data Scientist"}]},{"@type":"WebSite","@id":"https:\/\/www.drfz.de\/en\/#website","url":"https:\/\/www.drfz.de\/en\/","name":"DRFZ","description":"","publisher":{"@id":"https:\/\/www.drfz.de\/en\/#organization"},"potentialAction":[{"@type":"SearchAction","target":{"@type":"EntryPoint","urlTemplate":"https:\/\/www.drfz.de\/en\/?s={search_term_string}"},"query-input":{"@type":"PropertyValueSpecification","valueRequired":true,"valueName":"search_term_string"}}],"inLanguage":"en-US"},{"@type":"Organization","@id":"https:\/\/www.drfz.de\/en\/#organization","name":"Deutsches Rheuma-Forschungszentrum","url":"https:\/\/www.drfz.de\/en\/","logo":{"@type":"ImageObject","inLanguage":"en-US","@id":"https:\/\/www.drfz.de\/en\/#\/schema\/logo\/image\/","url":"https:\/\/www.drfz.de\/wp-content\/uploads\/2024\/10\/drfz-footer-logo.svg","contentUrl":"https:\/\/www.drfz.de\/wp-content\/uploads\/2024\/10\/drfz-footer-logo.svg","width":1,"height":1,"caption":"Deutsches Rheuma-Forschungszentrum"},"image":{"@id":"https:\/\/www.drfz.de\/en\/#\/schema\/logo\/image\/"},"sameAs":["https:\/\/www.facebook.com\/drfz.de\/","https:\/\/x.com\/DRFZ_Berlin","https:\/\/www.linkedin.com\/company\/deutsches-rheuma-forschungszentrum-berlin","https:\/\/www.youtube.com\/channel\/UCf8nDuqpkWwcmCWmfSTkE3w"]}]}},"_links":{"self":[{"href":"https:\/\/www.drfz.de\/en\/wp-json\/wp\/v2\/pages\/16988","targetHints":{"allow":["GET"]}}],"collection":[{"href":"https:\/\/www.drfz.de\/en\/wp-json\/wp\/v2\/pages"}],"about":[{"href":"https:\/\/www.drfz.de\/en\/wp-json\/wp\/v2\/types\/page"}],"author":[{"embeddable":true,"href":"https:\/\/www.drfz.de\/en\/wp-json\/wp\/v2\/users\/13"}],"replies":[{"embeddable":true,"href":"https:\/\/www.drfz.de\/en\/wp-json\/wp\/v2\/comments?post=16988"}],"version-history":[{"count":3,"href":"https:\/\/www.drfz.de\/en\/wp-json\/wp\/v2\/pages\/16988\/revisions"}],"predecessor-version":[{"id":17029,"href":"https:\/\/www.drfz.de\/en\/wp-json\/wp\/v2\/pages\/16988\/revisions\/17029"}],"up":[{"embeddable":true,"href":"https:\/\/www.drfz.de\/en\/wp-json\/wp\/v2\/pages\/4200"}],"wp:attachment":[{"href":"https:\/\/www.drfz.de\/en\/wp-json\/wp\/v2\/media?parent=16988"}],"curies":[{"name":"wp","href":"https:\/\/api.w.org\/{rel}","templated":true}]}}