{"id":17000,"date":"2025-04-29T16:01:07","date_gmt":"2025-04-29T16:01:07","guid":{"rendered":"https:\/\/www.drfz.de\/?page_id=17000"},"modified":"2025-04-30T08:03:30","modified_gmt":"2025-04-30T08:03:30","slug":"stellenangebot-sas-programmiererin","status":"publish","type":"page","link":"https:\/\/www.drfz.de\/en\/jobs-at-drfz\/stellenangebot-sas-programmiererin\/","title":{"rendered":"Stellenangebot &#8211; SAS-Programmierer:in"},"content":{"rendered":"\n<h2 class=\"wp-block-heading toc-item\" id=\"sas-programmiererin-mwdiv-in-voll--oder-teilzeit\"><strong>SAS-Programmierer:in (m\/w\/div) in Voll- oder Teilzeit.<\/strong><\/h2>\n\n\n\n<p class=\"wp-block-paragraph\">Das Deutsche Rheuma-Forschungszentrum (DRFZ) Berlin, ein Institut der Leibniz Gemeinschaft, das sich als nationales Leitinstitut der interdisziplin\u00e4ren Erforschung rheumatischer Erkrankungen widmet, sucht f\u00fcr den Programmbereich Epidemiologie und Versorgungsforschung, Arbeitsgruppe Pharmako-epidemiologie (Leitung: Prof. Dr. Anja Strangfeld), zum n\u00e4chstm\u00f6glichen Zeitpunkt eine\/einen:<\/p>\n\n\n\n<p class=\"wp-block-paragraph\"><strong>SAS-Programmierer:in (m\/w\/d) in Voll- oder Teilzeit.<\/strong><\/p>\n\n\n\n<p class=\"wp-block-paragraph\">Wenn Sie Ihre langj\u00e4hrige Erfahrung in der Statistik und der Analyse umfangreicher, longitudinaler Studien in ein stabiles und kollegiales Arbeitsumfeld einbringen m\u00f6chten \u2013 auch ohne zwingend eine akademische Weiterqualifikation anzustreben \u2013 freuen wir uns auf Ihre Bewerbung. Mit Ihrer Arbeit k\u00f6nnen Sie bei uns einen konkreten Beitrag zu einer besseren Versorgung von Rheuma-Patientinnen und -patienten in Deutschland leisten.<\/p>\n\n\n\n<p class=\"wp-block-paragraph\"><strong>Das erwartet Sie:<\/strong><\/p>\n\n\n\n<p class=\"wp-block-paragraph\">Sie arbeiten sich mit Unterst\u00fctzung in komplexe Fragestellungen sowie bestehende SAS-Programmcodes ein, entwickeln diese weiter und f\u00fchren eigenst\u00e4ndig die Datenaufbereitung sowie die statistischen Analysen durch. Die Erstellung von Studienberichten zu Therapien der rheumatoiden Arthritis ist ein wichtiger Teil Ihrer T\u00e4tigkeit.<\/p>\n\n\n\n<p class=\"wp-block-paragraph\">Wenn Sie es w\u00fcnschen, freuen wir uns \u00fcber Ihre Beteiligung oder Umsetzung wissenschaftlicher Publikationen. Eine aktive Teilnahme an nationalen und internationalen Kongressen ist bei wissenschaftlicher T\u00e4tigkeit m\u00f6glich.<\/p>\n\n\n\n<p class=\"wp-block-paragraph\"><strong>Das bringen Sie mit:<\/strong><\/p>\n\n\n\n<ul class=\"wp-block-list\">\n<li>Ein abgeschlossenes Studium (B.Sc., M.Sc., Diplom) mit quantitativem Schwerpunkt (z.\u202fB. Statistik, medizinische Dokumentation oder vergleichbar)<\/li>\n\n\n\n<li>Sehr gute Kenntnisse in der Programmierung mit SAS, inklusive Makroprogrammierung, dem Umgang mit Format-Katalogen sowie der Erstellung strukturierter Berichte (Erfahrung mit dem <em>Output-Delivery-System<\/em> (ODS) w\u00e4re w\u00fcnschenswert)<\/li>\n\n\n\n<li>Kenntnisse epidemiologischer Methoden sowie Erfahrung mit gro\u00dfen longitudinalen Datens\u00e4tzen<\/li>\n\n\n\n<li>Kenntnisse in R-Software sind w\u00fcnschenswert<\/li>\n\n\n\n<li>Selbst\u00e4ndigkeit und Zuverl\u00e4ssigkeit, strukturierte und sorgf\u00e4ltige Arbeitsweise<\/li>\n\n\n\n<li>Teamf\u00e4higkeit und Offenheit f\u00fcr neue methodische Entwicklungen<\/li>\n\n\n\n<li>Mindestens gute Sprachkenntnisse in Deutsch und Englisch<\/li>\n<\/ul>\n\n\n\n<p class=\"wp-block-paragraph\"><strong>Darauf k\u00f6nnen Sie sich freuen: &nbsp;<\/strong><\/p>\n\n\n\n<ul class=\"wp-block-list\">\n<li>Ein abwechslungsreiches Aufgabengebiet mit gesellschaftlich relevantem Bezug<\/li>\n\n\n\n<li>Zusammenarbeit in einem interdisziplin\u00e4ren, wertsch\u00e4tzenden Team<\/li>\n\n\n\n<li>Wissenschaftlicher Austausch mit Expertinnen und Experten im Fachbereich<\/li>\n\n\n\n<li>Flexible Arbeitszeiten, auch in Teilzeit<\/li>\n\n\n\n<li>Ein attraktives Arbeitsumfeld in zentraler Lage von Berlin<\/li>\n\n\n\n<li>Fortbildungs- und Entwicklungsm\u00f6glichkeiten<\/li>\n<\/ul>\n\n\n\n<p class=\"wp-block-paragraph\">Eine Promotion kann auf Wunsch im Rahmen der T\u00e4tigkeit erfolgen, dies ist aber keine Voraussetzung.&nbsp;&nbsp; Wichtig sind uns fachliche Kompetenz, Zuverl\u00e4ssigkeit und Teamf\u00e4higkeit. Wir freuen uns ausdr\u00fccklich auch \u00fcber Bewerbungen von berufserfahrenen Kandidat:innen.<\/p>\n\n\n\n<p class=\"wp-block-paragraph\">Das Arbeitsverh\u00e4ltnis ist zun\u00e4chst auf zwei Jahre befristet, eine Verl\u00e4ngerung wird angestrebt. Die Bezahlung erfolgt je nach Qualifikation nach TV\u00f6D-Bund bis zu E13. Bewerbungen mit Lebenslauf und Arbeitszeugnissen (per E-Mail) <strong>bitte in einem Dokument<\/strong> und <strong>bis zum 15.05.2025<\/strong> an Frau Dr. Eva Voll, Deutsches Rheuma-Forschungszentrum Berlin, Programmbereich Epidemiologie und Versorgungsforschung, Charit\u00e9platz 1, 10117 Berlin. F\u00fcr R\u00fcckfragen: <strong><a href=\"mailto:eva.voll@drfz.de\">eva.voll@drfz.de<\/a>.<\/strong><\/p>\n\n\n\n<p class=\"wp-block-paragraph\">Das DRFZ ist ein Institut, das Chancengleichheit und F\u00f6rderma\u00dfnahmen zugunsten von Minderheiten ber\u00fccksichtigt. Bewerbungen von Menschen mit Migrationshintergrund, schwerbehinderten Menschen und Menschen aus unterrepr\u00e4sentierten Gruppen, die die Rekrutierungsanforderungen erf\u00fcllen, sind sehr willkommen. Zus\u00e4tzlich wurde das DRFZ dieses Jahr mit dem Total E-Quality Gleichstellungspr\u00e4dikat ausgezeichnet und unterst\u00fctzt aktiv flexible Arbeitszeitmodelle, um die Vereinbarkeit von Beruf und Familie zu f\u00f6rdern.<\/p>\n\n\n\n<p class=\"wp-block-paragraph\"><a href=\"https:\/\/www.drfz.de\/arbeitsgruppen\/pharmakoepidemiologie\/\">AG Strangfeld Pharmakoepidemiologie&#8221;<\/a><\/p>\n\n\n\n  <section id=\"dieses-stellenangebot-als-pdf-download\"\n           class=\"section downloads  alignwide \">\n\n    <div class=\"container container--center\">\n      <div class=\"downloads__wrapper has-header-link\">\n                  <h2 class=\"section__heading launimation slideBottom\">Dieses Stellenangebot als PDF-Download.<\/h2>\n        \n        \n                  <div class=\"downloads__files\">\n                          <a href=\"https:\/\/www.drfz.de\/wp-content\/uploads\/2025\/04\/Ausschreibung-Statistiker-V2-2025-04-17.pdf\" download\n                 class=\"h6 downloads__file box over launimation slideBottom\">\n                <span class=\"downloads__file-name\">Stellenangebot SAS-Programmierer:in (m\/w\/div) <\/span>\n                <i class=\"icon icon--download\"><\/i>\n              <\/a>\n                      <\/div>\n        \n              <\/div>\n    <\/div><!-- container -->\n\n  <\/section>\n\n\n\n\n<p class=\"wp-block-paragraph\"><\/p>\n","protected":false},"excerpt":{"rendered":"<p>SAS-Programmierer:in (m\/w\/div) in Voll- oder Teilzeit. Das Deutsche Rheuma-Forschungszentrum (DRFZ) Berlin, ein Institut der Leibniz Gemeinschaft, das sich als nationales Leitinstitut der interdisziplin\u00e4ren Erforschung rheumatischer\u2026<\/p>\n","protected":false},"author":13,"featured_media":0,"parent":4200,"menu_order":0,"comment_status":"closed","ping_status":"closed","template":"","meta":{"_acf_changed":false,"footnotes":""},"class_list":["post-17000","page","type-page","status-publish","hentry"],"acf":[],"yoast_head":"<!-- This site is optimized with the Yoast SEO plugin v27.4 - https:\/\/yoast.com\/product\/yoast-seo-wordpress\/ -->\n<title>Stellenangebot - SAS-Programmierer:in - DRFZ<\/title>\n<meta name=\"robots\" content=\"index, follow, max-snippet:-1, max-image-preview:large, max-video-preview:-1\" \/>\n<link rel=\"canonical\" href=\"https:\/\/www.drfz.de\/en\/jobs-at-drfz\/stellenangebot-sas-programmiererin\/\" \/>\n<meta property=\"og:locale\" content=\"en_US\" \/>\n<meta property=\"og:type\" content=\"article\" \/>\n<meta property=\"og:title\" content=\"Stellenangebot - SAS-Programmierer:in - DRFZ\" \/>\n<meta property=\"og:description\" content=\"SAS-Programmierer:in (m\/w\/div) in Voll- oder Teilzeit. Das Deutsche Rheuma-Forschungszentrum (DRFZ) Berlin, ein Institut der Leibniz Gemeinschaft, das sich als nationales Leitinstitut der interdisziplin\u00e4ren Erforschung rheumatischer\u2026\" \/>\n<meta property=\"og:url\" content=\"https:\/\/www.drfz.de\/en\/jobs-at-drfz\/stellenangebot-sas-programmiererin\/\" \/>\n<meta property=\"og:site_name\" content=\"DRFZ\" \/>\n<meta property=\"article:publisher\" content=\"https:\/\/www.facebook.com\/drfz.de\/\" \/>\n<meta property=\"article:modified_time\" content=\"2025-04-30T08:03:30+00:00\" \/>\n<meta property=\"og:image\" content=\"https:\/\/www.drfz.de\/wp-content\/uploads\/2024\/11\/0265bc75f81cee07e381d8975805d2a6.png\" \/>\n\t<meta property=\"og:image:width\" content=\"1024\" \/>\n\t<meta property=\"og:image:height\" content=\"1024\" \/>\n\t<meta property=\"og:image:type\" content=\"image\/png\" \/>\n<meta name=\"twitter:card\" content=\"summary_large_image\" \/>\n<meta name=\"twitter:site\" content=\"@DRFZ_Berlin\" \/>\n<meta name=\"twitter:label1\" content=\"Est. reading time\" \/>\n\t<meta name=\"twitter:data1\" content=\"3 minutes\" \/>\n<script type=\"application\/ld+json\" class=\"yoast-schema-graph\">{\"@context\":\"https:\\\/\\\/schema.org\",\"@graph\":[{\"@type\":\"WebPage\",\"@id\":\"https:\\\/\\\/www.drfz.de\\\/en\\\/jobs-at-drfz\\\/stellenangebot-sas-programmiererin\\\/\",\"url\":\"https:\\\/\\\/www.drfz.de\\\/en\\\/jobs-at-drfz\\\/stellenangebot-sas-programmiererin\\\/\",\"name\":\"Stellenangebot - SAS-Programmierer:in - DRFZ\",\"isPartOf\":{\"@id\":\"https:\\\/\\\/www.drfz.de\\\/en\\\/#website\"},\"datePublished\":\"2025-04-29T16:01:07+00:00\",\"dateModified\":\"2025-04-30T08:03:30+00:00\",\"breadcrumb\":{\"@id\":\"https:\\\/\\\/www.drfz.de\\\/en\\\/jobs-at-drfz\\\/stellenangebot-sas-programmiererin\\\/#breadcrumb\"},\"inLanguage\":\"en-US\",\"potentialAction\":[{\"@type\":\"ReadAction\",\"target\":[\"https:\\\/\\\/www.drfz.de\\\/en\\\/jobs-at-drfz\\\/stellenangebot-sas-programmiererin\\\/\"]}]},{\"@type\":\"BreadcrumbList\",\"@id\":\"https:\\\/\\\/www.drfz.de\\\/en\\\/jobs-at-drfz\\\/stellenangebot-sas-programmiererin\\\/#breadcrumb\",\"itemListElement\":[{\"@type\":\"ListItem\",\"position\":1,\"name\":\"Home\",\"item\":\"https:\\\/\\\/www.drfz.de\\\/en\\\/\"},{\"@type\":\"ListItem\",\"position\":2,\"name\":\"Jobs at DRFZ\",\"item\":\"https:\\\/\\\/www.drfz.de\\\/en\\\/jobs-at-drfz\\\/\"},{\"@type\":\"ListItem\",\"position\":3,\"name\":\"Stellenangebot &#8211; SAS-Programmierer:in\"}]},{\"@type\":\"WebSite\",\"@id\":\"https:\\\/\\\/www.drfz.de\\\/en\\\/#website\",\"url\":\"https:\\\/\\\/www.drfz.de\\\/en\\\/\",\"name\":\"DRFZ\",\"description\":\"\",\"publisher\":{\"@id\":\"https:\\\/\\\/www.drfz.de\\\/en\\\/#organization\"},\"potentialAction\":[{\"@type\":\"SearchAction\",\"target\":{\"@type\":\"EntryPoint\",\"urlTemplate\":\"https:\\\/\\\/www.drfz.de\\\/en\\\/?s={search_term_string}\"},\"query-input\":{\"@type\":\"PropertyValueSpecification\",\"valueRequired\":true,\"valueName\":\"search_term_string\"}}],\"inLanguage\":\"en-US\"},{\"@type\":\"Organization\",\"@id\":\"https:\\\/\\\/www.drfz.de\\\/en\\\/#organization\",\"name\":\"Deutsches Rheuma-Forschungszentrum\",\"url\":\"https:\\\/\\\/www.drfz.de\\\/en\\\/\",\"logo\":{\"@type\":\"ImageObject\",\"inLanguage\":\"en-US\",\"@id\":\"https:\\\/\\\/www.drfz.de\\\/en\\\/#\\\/schema\\\/logo\\\/image\\\/\",\"url\":\"https:\\\/\\\/www.drfz.de\\\/wp-content\\\/uploads\\\/2024\\\/10\\\/drfz-footer-logo.svg\",\"contentUrl\":\"https:\\\/\\\/www.drfz.de\\\/wp-content\\\/uploads\\\/2024\\\/10\\\/drfz-footer-logo.svg\",\"width\":1,\"height\":1,\"caption\":\"Deutsches Rheuma-Forschungszentrum\"},\"image\":{\"@id\":\"https:\\\/\\\/www.drfz.de\\\/en\\\/#\\\/schema\\\/logo\\\/image\\\/\"},\"sameAs\":[\"https:\\\/\\\/www.facebook.com\\\/drfz.de\\\/\",\"https:\\\/\\\/x.com\\\/DRFZ_Berlin\",\"https:\\\/\\\/www.linkedin.com\\\/company\\\/deutsches-rheuma-forschungszentrum-berlin\",\"https:\\\/\\\/www.youtube.com\\\/channel\\\/UCf8nDuqpkWwcmCWmfSTkE3w\"]}]}<\/script>\n<!-- \/ Yoast SEO plugin. -->","yoast_head_json":{"title":"Stellenangebot - SAS-Programmierer:in - DRFZ","robots":{"index":"index","follow":"follow","max-snippet":"max-snippet:-1","max-image-preview":"max-image-preview:large","max-video-preview":"max-video-preview:-1"},"canonical":"https:\/\/www.drfz.de\/en\/jobs-at-drfz\/stellenangebot-sas-programmiererin\/","og_locale":"en_US","og_type":"article","og_title":"Stellenangebot - SAS-Programmierer:in - DRFZ","og_description":"SAS-Programmierer:in (m\/w\/div) in Voll- oder Teilzeit. Das Deutsche Rheuma-Forschungszentrum (DRFZ) Berlin, ein Institut der Leibniz Gemeinschaft, das sich als nationales Leitinstitut der interdisziplin\u00e4ren Erforschung rheumatischer\u2026","og_url":"https:\/\/www.drfz.de\/en\/jobs-at-drfz\/stellenangebot-sas-programmiererin\/","og_site_name":"DRFZ","article_publisher":"https:\/\/www.facebook.com\/drfz.de\/","article_modified_time":"2025-04-30T08:03:30+00:00","og_image":[{"width":1024,"height":1024,"url":"https:\/\/www.drfz.de\/wp-content\/uploads\/2024\/11\/0265bc75f81cee07e381d8975805d2a6.png","type":"image\/png"}],"twitter_card":"summary_large_image","twitter_site":"@DRFZ_Berlin","twitter_misc":{"Est. reading time":"3 minutes"},"schema":{"@context":"https:\/\/schema.org","@graph":[{"@type":"WebPage","@id":"https:\/\/www.drfz.de\/en\/jobs-at-drfz\/stellenangebot-sas-programmiererin\/","url":"https:\/\/www.drfz.de\/en\/jobs-at-drfz\/stellenangebot-sas-programmiererin\/","name":"Stellenangebot - SAS-Programmierer:in - DRFZ","isPartOf":{"@id":"https:\/\/www.drfz.de\/en\/#website"},"datePublished":"2025-04-29T16:01:07+00:00","dateModified":"2025-04-30T08:03:30+00:00","breadcrumb":{"@id":"https:\/\/www.drfz.de\/en\/jobs-at-drfz\/stellenangebot-sas-programmiererin\/#breadcrumb"},"inLanguage":"en-US","potentialAction":[{"@type":"ReadAction","target":["https:\/\/www.drfz.de\/en\/jobs-at-drfz\/stellenangebot-sas-programmiererin\/"]}]},{"@type":"BreadcrumbList","@id":"https:\/\/www.drfz.de\/en\/jobs-at-drfz\/stellenangebot-sas-programmiererin\/#breadcrumb","itemListElement":[{"@type":"ListItem","position":1,"name":"Home","item":"https:\/\/www.drfz.de\/en\/"},{"@type":"ListItem","position":2,"name":"Jobs at DRFZ","item":"https:\/\/www.drfz.de\/en\/jobs-at-drfz\/"},{"@type":"ListItem","position":3,"name":"Stellenangebot &#8211; SAS-Programmierer:in"}]},{"@type":"WebSite","@id":"https:\/\/www.drfz.de\/en\/#website","url":"https:\/\/www.drfz.de\/en\/","name":"DRFZ","description":"","publisher":{"@id":"https:\/\/www.drfz.de\/en\/#organization"},"potentialAction":[{"@type":"SearchAction","target":{"@type":"EntryPoint","urlTemplate":"https:\/\/www.drfz.de\/en\/?s={search_term_string}"},"query-input":{"@type":"PropertyValueSpecification","valueRequired":true,"valueName":"search_term_string"}}],"inLanguage":"en-US"},{"@type":"Organization","@id":"https:\/\/www.drfz.de\/en\/#organization","name":"Deutsches Rheuma-Forschungszentrum","url":"https:\/\/www.drfz.de\/en\/","logo":{"@type":"ImageObject","inLanguage":"en-US","@id":"https:\/\/www.drfz.de\/en\/#\/schema\/logo\/image\/","url":"https:\/\/www.drfz.de\/wp-content\/uploads\/2024\/10\/drfz-footer-logo.svg","contentUrl":"https:\/\/www.drfz.de\/wp-content\/uploads\/2024\/10\/drfz-footer-logo.svg","width":1,"height":1,"caption":"Deutsches Rheuma-Forschungszentrum"},"image":{"@id":"https:\/\/www.drfz.de\/en\/#\/schema\/logo\/image\/"},"sameAs":["https:\/\/www.facebook.com\/drfz.de\/","https:\/\/x.com\/DRFZ_Berlin","https:\/\/www.linkedin.com\/company\/deutsches-rheuma-forschungszentrum-berlin","https:\/\/www.youtube.com\/channel\/UCf8nDuqpkWwcmCWmfSTkE3w"]}]}},"_links":{"self":[{"href":"https:\/\/www.drfz.de\/en\/wp-json\/wp\/v2\/pages\/17000","targetHints":{"allow":["GET"]}}],"collection":[{"href":"https:\/\/www.drfz.de\/en\/wp-json\/wp\/v2\/pages"}],"about":[{"href":"https:\/\/www.drfz.de\/en\/wp-json\/wp\/v2\/types\/page"}],"author":[{"embeddable":true,"href":"https:\/\/www.drfz.de\/en\/wp-json\/wp\/v2\/users\/13"}],"replies":[{"embeddable":true,"href":"https:\/\/www.drfz.de\/en\/wp-json\/wp\/v2\/comments?post=17000"}],"version-history":[{"count":3,"href":"https:\/\/www.drfz.de\/en\/wp-json\/wp\/v2\/pages\/17000\/revisions"}],"predecessor-version":[{"id":17027,"href":"https:\/\/www.drfz.de\/en\/wp-json\/wp\/v2\/pages\/17000\/revisions\/17027"}],"up":[{"embeddable":true,"href":"https:\/\/www.drfz.de\/en\/wp-json\/wp\/v2\/pages\/4200"}],"wp:attachment":[{"href":"https:\/\/www.drfz.de\/en\/wp-json\/wp\/v2\/media?parent=17000"}],"curies":[{"name":"wp","href":"https:\/\/api.w.org\/{rel}","templated":true}]}}