{"id":20682,"date":"2025-12-19T20:57:17","date_gmt":"2025-12-19T20:57:17","guid":{"rendered":"https:\/\/www.drfz.de\/?page_id=20682"},"modified":"2025-12-19T22:11:06","modified_gmt":"2025-12-19T22:11:06","slug":"stellenangebot-deutsche-gesellschaft-fur-immunologie-e-v-dgfi","status":"publish","type":"page","link":"https:\/\/www.drfz.de\/en\/stellenangebot-deutsche-gesellschaft-fur-immunologie-e-v-dgfi\/","title":{"rendered":"Stellenangebot &#8211; Deutsche Gesellschaft f\u00fcr Immunologie e.V. (DGfI)"},"content":{"rendered":"\n<h1 class=\"wp-block-heading toc-item\" id=\"sekretaersekretaerin-mwd\">Sekret\u00e4r\/Sekret\u00e4rin (m\/w\/d)<\/h1>\n\n\n\n<p class=\"wp-block-paragraph\"><strong>Teilzeit, 75% (bis TV\u00f6D E9)<br><\/strong>Eine verantwortungsvolle und abwechslungsreiche T\u00e4tigkeit in einer dynamischen wissenschaftlichen Gesellschaft<br>Zusammenarbeit in einem kleinen, engagierten TeamFlexible Arbeitszeiten (Teilzeit 75%, zun\u00e4chst befristet auf ein Jahr); <strong>Home-Office ist teilweise m\u00f6glich<\/strong><\/p>\n\n\n\n<p class=\"wp-block-paragraph\">Die Deutsche Gesellschaft f\u00fcr Immunologie (DGfI) ist die wissenschaftliche Fachgesellschaft mit rund 2.500 Mitgliedern, die sich der Erforschung des Immunsystems widmen. Einen \u00dcberblick \u00fcber unsere Aktivit\u00e4ten finden Sie auf <a href=\"http:\/\/www.dgfi.org\">www.dgfi.org<\/a> und <a href=\"http:\/\/www.das-immunsystem.de\">www.das-immunsystem.de<\/a>.<\/p>\n\n\n\n<p class=\"wp-block-paragraph\">F\u00fcr unsere Gesch\u00e4ftsstelle in Berlin suchen wir <strong>ab sofort<\/strong> eine\/n engagierte\/n<\/p>\n\n\n\n<h3 class=\"wp-block-heading toc-item\" id=\"sekretaersekretaerin-mwd\"><strong>Sekret\u00e4r\/Sekret\u00e4rin (m\/w\/d)<\/strong><\/h3>\n\n\n\n<p class=\"wp-block-paragraph\"><strong>Teilzeit, 75% (bis TV\u00f6D E9)<br><br><\/strong>zur Unterst\u00fctzung der Leiterin der Gesch\u00e4ftsstelle \u2013 mit Schwerpunkt auf der Abwicklung administrativer Prozesse und der Betreuung unserer Mitglieder.<\/p>\n\n\n\n<p class=\"wp-block-paragraph\"><strong>Ihre Aufgaben<\/strong><\/p>\n\n\n\n<ul class=\"wp-block-list\">\n<li>Betreuung der Mitgliederverwaltung (Datenpflege, Beitrags\u00fcberwachung, Ansprechpartner\/in f\u00fcr Mitglieder)<\/li>\n\n\n\n<li>Pflege und Aktualisierung unserer Website www.dgfi.org<\/li>\n\n\n\n<li>Erstellung und Versand von Newslettern an unsere Mitglieder<\/li>\n\n\n\n<li>Mitwirkung bei der Erstellung von Informationsmaterialien (z. B. Mitgliederzeitschrift)<\/li>\n\n\n\n<li>Betreuung des Auswahlprozesses sowie der Verleihung der DGfI-Nachwuchspreise<\/li>\n\n\n\n<li>Unterst\u00fctzung bei der Planung und Durchf\u00fchrung wissenschaftlicher Veranstaltungen<\/li>\n\n\n\n<li>Vor-Ort-Betreuung der DGfI-Pr\u00e4senz auf der Jahrestagung der Gesellschaft<\/li>\n<\/ul>\n\n\n\n\n\n<p class=\"wp-block-paragraph\"><strong>Ihr Profil<\/strong><\/p>\n\n\n\n<ul class=\"wp-block-list\">\n<li>Sicherer Umgang mit g\u00e4ngigen Office-Anwendungen und WordPress<\/li>\n\n\n\n<li>Sehr gute Organisations- und Kommunikationsf\u00e4higkeit<\/li>\n\n\n\n<li>Eigenverantwortliche, strukturierte und flexible Arbeitsweise<\/li>\n\n\n\n<li>Gute Englischkenntnisse in Wort und Schrift<\/li>\n\n\n\n<li>Freude daran, in einer wissenschaftsnahen Umgebung mit vielf\u00e4ltigen Aufgaben zu arbeiten<\/li>\n<\/ul>\n\n\n\n<p class=\"wp-block-paragraph\"><strong>Wir bieten<\/strong><\/p>\n\n\n\n<ul class=\"wp-block-list\">\n<li>Eine verantwortungsvolle und abwechslungsreiche T\u00e4tigkeit in einer dynamischen wissenschaftlichen Gesellschaft<\/li>\n\n\n\n<li>Zusammenarbeit in einem kleinen, engagierten Team<\/li>\n\n\n\n<li>Flexible Arbeitszeiten (Teilzeit 75%, zun\u00e4chst befristet auf ein Jahr); Home-Office ist teilweise m\u00f6glich<\/li>\n\n\n\n<li>Verg\u00fctung bis TV\u00f6D E9<\/li>\n<\/ul>\n\n\n\n<p class=\"wp-block-paragraph\"><strong>Bewerbung<\/strong><\/p>\n\n\n\n<p class=\"wp-block-paragraph\">Bitte senden Sie Ihre vollst\u00e4ndige Bewerbung ab sofort elektronisch als PDF-Dokument an Dr. Ulrike Meltzer, <a href=\"mailto:mail@dgfi.org\">mail@dgfi.org<\/a>.<\/p>\n\n\n\n  <section id=\"dieses-stellenangebot-als-pdf-download\"\n           class=\"section downloads  alignwide \">\n\n    <div class=\"container container--center\">\n      <div class=\"downloads__wrapper has-header-link\">\n                  <h2 class=\"section__heading launimation slideBottom\">Dieses Stellenangebot als PDF-Download<\/h2>\n        \n        \n                  <div class=\"downloads__files\">\n                          <a href=\"https:\/\/www.drfz.de\/wp-content\/uploads\/2025\/12\/Stellenausschreibung-Sekretariat-der-Geschaeftsstelle-2026_final.pdf\" download\n                 class=\"h6 downloads__file box over launimation slideBottom\">\n                <span class=\"downloads__file-name\">Stellenausschreibung DGfI<\/span>\n                <i class=\"icon icon--download\"><\/i>\n              <\/a>\n                      <\/div>\n        \n              <\/div>\n    <\/div><!-- container -->\n\n  <\/section>\n\n","protected":false},"excerpt":{"rendered":"<p>Sekret\u00e4r\/Sekret\u00e4rin (m\/w\/d) Teilzeit, 75% (bis TV\u00f6D E9)Eine verantwortungsvolle und abwechslungsreiche T\u00e4tigkeit in einer dynamischen wissenschaftlichen GesellschaftZusammenarbeit in einem kleinen, engagierten TeamFlexible Arbeitszeiten (Teilzeit 75%, zun\u00e4chst\u2026<\/p>\n","protected":false},"author":13,"featured_media":0,"parent":0,"menu_order":0,"comment_status":"closed","ping_status":"closed","template":"","meta":{"_acf_changed":false,"footnotes":""},"class_list":["post-20682","page","type-page","status-publish","hentry"],"acf":[],"yoast_head":"<!-- This site is optimized with the Yoast SEO plugin v27.5 - https:\/\/yoast.com\/product\/yoast-seo-wordpress\/ -->\n<title>Stellenangebot - Deutsche Gesellschaft f\u00fcr Immunologie e.V. (DGfI) - DRFZ<\/title>\n<meta name=\"robots\" content=\"index, follow, max-snippet:-1, max-image-preview:large, max-video-preview:-1\" \/>\n<link rel=\"canonical\" href=\"https:\/\/www.drfz.de\/en\/stellenangebot-deutsche-gesellschaft-fur-immunologie-e-v-dgfi\/\" \/>\n<meta property=\"og:locale\" content=\"en_US\" \/>\n<meta property=\"og:type\" content=\"article\" \/>\n<meta property=\"og:title\" content=\"Stellenangebot - Deutsche Gesellschaft f\u00fcr Immunologie e.V. (DGfI) - DRFZ\" \/>\n<meta property=\"og:description\" content=\"Sekret\u00e4r\/Sekret\u00e4rin (m\/w\/d) Teilzeit, 75% (bis TV\u00f6D E9)Eine verantwortungsvolle und abwechslungsreiche T\u00e4tigkeit in einer dynamischen wissenschaftlichen GesellschaftZusammenarbeit in einem kleinen, engagierten TeamFlexible Arbeitszeiten (Teilzeit 75%, zun\u00e4chst\u2026\" \/>\n<meta property=\"og:url\" content=\"https:\/\/www.drfz.de\/en\/stellenangebot-deutsche-gesellschaft-fur-immunologie-e-v-dgfi\/\" \/>\n<meta property=\"og:site_name\" content=\"DRFZ\" \/>\n<meta property=\"article:publisher\" content=\"https:\/\/www.facebook.com\/drfz.de\/\" \/>\n<meta property=\"article:modified_time\" content=\"2025-12-19T22:11:06+00:00\" \/>\n<meta property=\"og:image\" content=\"https:\/\/www.drfz.de\/wp-content\/uploads\/2024\/11\/0265bc75f81cee07e381d8975805d2a6.png\" \/>\n\t<meta property=\"og:image:width\" content=\"1024\" \/>\n\t<meta property=\"og:image:height\" content=\"1024\" \/>\n\t<meta property=\"og:image:type\" content=\"image\/png\" \/>\n<meta name=\"twitter:card\" content=\"summary_large_image\" \/>\n<meta name=\"twitter:site\" content=\"@DRFZ_Berlin\" \/>\n<meta name=\"twitter:label1\" content=\"Est. reading time\" \/>\n\t<meta name=\"twitter:data1\" content=\"2 minutes\" \/>\n<script type=\"application\/ld+json\" class=\"yoast-schema-graph\">{\"@context\":\"https:\\\/\\\/schema.org\",\"@graph\":[{\"@type\":\"WebPage\",\"@id\":\"https:\\\/\\\/www.drfz.de\\\/en\\\/stellenangebot-deutsche-gesellschaft-fur-immunologie-e-v-dgfi\\\/\",\"url\":\"https:\\\/\\\/www.drfz.de\\\/en\\\/stellenangebot-deutsche-gesellschaft-fur-immunologie-e-v-dgfi\\\/\",\"name\":\"Stellenangebot - Deutsche Gesellschaft f\u00fcr Immunologie e.V. (DGfI) - DRFZ\",\"isPartOf\":{\"@id\":\"https:\\\/\\\/www.drfz.de\\\/en\\\/#website\"},\"datePublished\":\"2025-12-19T20:57:17+00:00\",\"dateModified\":\"2025-12-19T22:11:06+00:00\",\"breadcrumb\":{\"@id\":\"https:\\\/\\\/www.drfz.de\\\/en\\\/stellenangebot-deutsche-gesellschaft-fur-immunologie-e-v-dgfi\\\/#breadcrumb\"},\"inLanguage\":\"en-US\",\"potentialAction\":[{\"@type\":\"ReadAction\",\"target\":[\"https:\\\/\\\/www.drfz.de\\\/en\\\/stellenangebot-deutsche-gesellschaft-fur-immunologie-e-v-dgfi\\\/\"]}]},{\"@type\":\"BreadcrumbList\",\"@id\":\"https:\\\/\\\/www.drfz.de\\\/en\\\/stellenangebot-deutsche-gesellschaft-fur-immunologie-e-v-dgfi\\\/#breadcrumb\",\"itemListElement\":[{\"@type\":\"ListItem\",\"position\":1,\"name\":\"Home\",\"item\":\"https:\\\/\\\/www.drfz.de\\\/en\\\/\"},{\"@type\":\"ListItem\",\"position\":2,\"name\":\"Stellenangebot &#8211; Deutsche Gesellschaft f\u00fcr Immunologie e.V. (DGfI)\"}]},{\"@type\":\"WebSite\",\"@id\":\"https:\\\/\\\/www.drfz.de\\\/en\\\/#website\",\"url\":\"https:\\\/\\\/www.drfz.de\\\/en\\\/\",\"name\":\"DRFZ\",\"description\":\"\",\"publisher\":{\"@id\":\"https:\\\/\\\/www.drfz.de\\\/en\\\/#organization\"},\"potentialAction\":[{\"@type\":\"SearchAction\",\"target\":{\"@type\":\"EntryPoint\",\"urlTemplate\":\"https:\\\/\\\/www.drfz.de\\\/en\\\/?s={search_term_string}\"},\"query-input\":{\"@type\":\"PropertyValueSpecification\",\"valueRequired\":true,\"valueName\":\"search_term_string\"}}],\"inLanguage\":\"en-US\"},{\"@type\":\"Organization\",\"@id\":\"https:\\\/\\\/www.drfz.de\\\/en\\\/#organization\",\"name\":\"Deutsches Rheuma-Forschungszentrum\",\"url\":\"https:\\\/\\\/www.drfz.de\\\/en\\\/\",\"logo\":{\"@type\":\"ImageObject\",\"inLanguage\":\"en-US\",\"@id\":\"https:\\\/\\\/www.drfz.de\\\/en\\\/#\\\/schema\\\/logo\\\/image\\\/\",\"url\":\"https:\\\/\\\/www.drfz.de\\\/wp-content\\\/uploads\\\/2024\\\/10\\\/drfz-footer-logo.svg\",\"contentUrl\":\"https:\\\/\\\/www.drfz.de\\\/wp-content\\\/uploads\\\/2024\\\/10\\\/drfz-footer-logo.svg\",\"width\":1,\"height\":1,\"caption\":\"Deutsches Rheuma-Forschungszentrum\"},\"image\":{\"@id\":\"https:\\\/\\\/www.drfz.de\\\/en\\\/#\\\/schema\\\/logo\\\/image\\\/\"},\"sameAs\":[\"https:\\\/\\\/www.facebook.com\\\/drfz.de\\\/\",\"https:\\\/\\\/x.com\\\/DRFZ_Berlin\",\"https:\\\/\\\/www.linkedin.com\\\/company\\\/deutsches-rheuma-forschungszentrum-berlin\",\"https:\\\/\\\/www.youtube.com\\\/channel\\\/UCf8nDuqpkWwcmCWmfSTkE3w\"]}]}<\/script>\n<!-- \/ Yoast SEO plugin. -->","yoast_head_json":{"title":"Stellenangebot - Deutsche Gesellschaft f\u00fcr Immunologie e.V. (DGfI) - DRFZ","robots":{"index":"index","follow":"follow","max-snippet":"max-snippet:-1","max-image-preview":"max-image-preview:large","max-video-preview":"max-video-preview:-1"},"canonical":"https:\/\/www.drfz.de\/en\/stellenangebot-deutsche-gesellschaft-fur-immunologie-e-v-dgfi\/","og_locale":"en_US","og_type":"article","og_title":"Stellenangebot - Deutsche Gesellschaft f\u00fcr Immunologie e.V. (DGfI) - DRFZ","og_description":"Sekret\u00e4r\/Sekret\u00e4rin (m\/w\/d) Teilzeit, 75% (bis TV\u00f6D E9)Eine verantwortungsvolle und abwechslungsreiche T\u00e4tigkeit in einer dynamischen wissenschaftlichen GesellschaftZusammenarbeit in einem kleinen, engagierten TeamFlexible Arbeitszeiten (Teilzeit 75%, zun\u00e4chst\u2026","og_url":"https:\/\/www.drfz.de\/en\/stellenangebot-deutsche-gesellschaft-fur-immunologie-e-v-dgfi\/","og_site_name":"DRFZ","article_publisher":"https:\/\/www.facebook.com\/drfz.de\/","article_modified_time":"2025-12-19T22:11:06+00:00","og_image":[{"width":1024,"height":1024,"url":"https:\/\/www.drfz.de\/wp-content\/uploads\/2024\/11\/0265bc75f81cee07e381d8975805d2a6.png","type":"image\/png"}],"twitter_card":"summary_large_image","twitter_site":"@DRFZ_Berlin","twitter_misc":{"Est. reading time":"2 minutes"},"schema":{"@context":"https:\/\/schema.org","@graph":[{"@type":"WebPage","@id":"https:\/\/www.drfz.de\/en\/stellenangebot-deutsche-gesellschaft-fur-immunologie-e-v-dgfi\/","url":"https:\/\/www.drfz.de\/en\/stellenangebot-deutsche-gesellschaft-fur-immunologie-e-v-dgfi\/","name":"Stellenangebot - Deutsche Gesellschaft f\u00fcr Immunologie e.V. (DGfI) - DRFZ","isPartOf":{"@id":"https:\/\/www.drfz.de\/en\/#website"},"datePublished":"2025-12-19T20:57:17+00:00","dateModified":"2025-12-19T22:11:06+00:00","breadcrumb":{"@id":"https:\/\/www.drfz.de\/en\/stellenangebot-deutsche-gesellschaft-fur-immunologie-e-v-dgfi\/#breadcrumb"},"inLanguage":"en-US","potentialAction":[{"@type":"ReadAction","target":["https:\/\/www.drfz.de\/en\/stellenangebot-deutsche-gesellschaft-fur-immunologie-e-v-dgfi\/"]}]},{"@type":"BreadcrumbList","@id":"https:\/\/www.drfz.de\/en\/stellenangebot-deutsche-gesellschaft-fur-immunologie-e-v-dgfi\/#breadcrumb","itemListElement":[{"@type":"ListItem","position":1,"name":"Home","item":"https:\/\/www.drfz.de\/en\/"},{"@type":"ListItem","position":2,"name":"Stellenangebot &#8211; Deutsche Gesellschaft f\u00fcr Immunologie e.V. (DGfI)"}]},{"@type":"WebSite","@id":"https:\/\/www.drfz.de\/en\/#website","url":"https:\/\/www.drfz.de\/en\/","name":"DRFZ","description":"","publisher":{"@id":"https:\/\/www.drfz.de\/en\/#organization"},"potentialAction":[{"@type":"SearchAction","target":{"@type":"EntryPoint","urlTemplate":"https:\/\/www.drfz.de\/en\/?s={search_term_string}"},"query-input":{"@type":"PropertyValueSpecification","valueRequired":true,"valueName":"search_term_string"}}],"inLanguage":"en-US"},{"@type":"Organization","@id":"https:\/\/www.drfz.de\/en\/#organization","name":"Deutsches Rheuma-Forschungszentrum","url":"https:\/\/www.drfz.de\/en\/","logo":{"@type":"ImageObject","inLanguage":"en-US","@id":"https:\/\/www.drfz.de\/en\/#\/schema\/logo\/image\/","url":"https:\/\/www.drfz.de\/wp-content\/uploads\/2024\/10\/drfz-footer-logo.svg","contentUrl":"https:\/\/www.drfz.de\/wp-content\/uploads\/2024\/10\/drfz-footer-logo.svg","width":1,"height":1,"caption":"Deutsches Rheuma-Forschungszentrum"},"image":{"@id":"https:\/\/www.drfz.de\/en\/#\/schema\/logo\/image\/"},"sameAs":["https:\/\/www.facebook.com\/drfz.de\/","https:\/\/x.com\/DRFZ_Berlin","https:\/\/www.linkedin.com\/company\/deutsches-rheuma-forschungszentrum-berlin","https:\/\/www.youtube.com\/channel\/UCf8nDuqpkWwcmCWmfSTkE3w"]}]}},"_links":{"self":[{"href":"https:\/\/www.drfz.de\/en\/wp-json\/wp\/v2\/pages\/20682","targetHints":{"allow":["GET"]}}],"collection":[{"href":"https:\/\/www.drfz.de\/en\/wp-json\/wp\/v2\/pages"}],"about":[{"href":"https:\/\/www.drfz.de\/en\/wp-json\/wp\/v2\/types\/page"}],"author":[{"embeddable":true,"href":"https:\/\/www.drfz.de\/en\/wp-json\/wp\/v2\/users\/13"}],"replies":[{"embeddable":true,"href":"https:\/\/www.drfz.de\/en\/wp-json\/wp\/v2\/comments?post=20682"}],"version-history":[{"count":2,"href":"https:\/\/www.drfz.de\/en\/wp-json\/wp\/v2\/pages\/20682\/revisions"}],"predecessor-version":[{"id":20709,"href":"https:\/\/www.drfz.de\/en\/wp-json\/wp\/v2\/pages\/20682\/revisions\/20709"}],"wp:attachment":[{"href":"https:\/\/www.drfz.de\/en\/wp-json\/wp\/v2\/media?parent=20682"}],"curies":[{"name":"wp","href":"https:\/\/api.w.org\/{rel}","templated":true}]}}