{"id":21344,"date":"2026-02-25T12:46:34","date_gmt":"2026-02-25T12:46:34","guid":{"rendered":"https:\/\/www.drfz.de\/?page_id=21344"},"modified":"2026-02-25T12:46:35","modified_gmt":"2026-02-25T12:46:35","slug":"wissenschaftliche-n-mitarbeiterin-m-w-dzur-promotion","status":"publish","type":"page","link":"https:\/\/www.drfz.de\/en\/wissenschaftliche-n-mitarbeiterin-m-w-dzur-promotion\/","title":{"rendered":"Wissenschaftliche\/n Mitarbeiter*in (m\/w\/d)zur Promotion"},"content":{"rendered":"\n  <section id=\"lorem-ipsum-dolor-sit-amet\" class=\"section text-grid-with-links  alignwide bg bg--full-width bg--aqua-100\">\n\n    <div class=\"container container--center\">\n      <div class=\"text-grid-with-links__wrapper\">\n\n                  <h2 class=\"text-grid-with-links__heading launimation slideBottom\">Wissenschaftliche\/n Mitarbeiter*in (m\/w\/d)zur Promotion<\/h2>\n        \n        <div class=\"text-grid-with-links__text\">\n                      <div class=\"text-grid-with-links__desc wysiwyg launimation slideBottom\">\n              <p>Das Deutsche Rheuma-Forschungszentrum Berlin (DRFZ), ein Institut der Leibniz Gemeinschaft, wurde 1988 gegr\u00fcndet und ist mit seinem Fokus auf rheumatische Erkrankungen einzigartig in Deutschland. Heute z\u00e4hlt das DRFZ zu den international f\u00fchrenden Instituten auf dem Gebiet der Immunologie, experimentellen Rheumatologie und Rheuma-Epidemiologie. Dies ist nicht zuletzt auf die einzigartige fach\u00fcbergreifende Zusammenarbeit der am DRFZ forschenden Expertinnen und Experten in den Bereichen Biologie, Biotechnologie, Bioinformatik, Chemie, Physik, Medizin, Soziologie, und Statistik zur\u00fcckzuf\u00fchren. Sie erforschen die Ursachen, den Verlauf und die Versorgung rheumatischer Erkrankungen.<\/p>\n<p>F\u00fcr die Gruppe Kinder- und Jugendrheumatologie (Leiterin Prof. Dr. Kirsten Minden) des Programmbereichs Epidemiologie suchen wir zum n\u00e4chstm\u00f6glichen Zeitpunkt eine\/n<\/p>\n<p><strong>wissenschaftliche\/n Mitarbeiter*in (m\/w\/d) zur Promotion<\/strong><\/p>\n<p>Der Programmbereich Epidemiologie besch\u00e4ftigt rund 60 Mitarbeitende in vier Arbeitsgruppen. In mehreren gro\u00dfen longitudinalen Beobachtungsstudien werden Fragen zu Krankheitsverlauf und -prognose bei Kindern und Erwachsenen mit rheumatischen Erkrankungen durchgef\u00fchrt.<\/p>\n<p><strong>Ihre Aufgaben:<\/strong><br \/>\n\u2022 Mitarbeit an empirischen Forschungsprojekten im Bereich der Versorgungsforschung<\/p>\n<p>\u2022 Management und statistische Analyse von Datens\u00e4tzen<\/p>\n<p>\u2022 Erarbeitung einer Dissertationsschrift als Publikation<\/p>\n<p>\u2022 Pr\u00e4sentation von Ergebnissen<\/p>\n<p>\u2022 Fachliche Unterst\u00fctzung des nicht-medizinisches Teams<\/p>\n<p><strong>Unsere Anforderungen:<\/strong><br \/>\n\u2022Abgeschlossenes Hochschulstudium im Fach Medizin<\/p>\n<p>\u2022Bereitschaft zur Einarbeitung in klinische Fragestellungen entz\u00fcndlich-rheumatischer Erkrankungen<\/p>\n<p>\u2022Selbst\u00e4ndigkeit, sorgf\u00e4ltige Arbeitsweise und Zuverl\u00e4ssigkeit<\/p>\n<p>\u2022sichere Anwendung der MS Office-Programme und Grundkenntnisse in Statistiksoftware (beispielsweise SAS, R, SPSS)<\/p>\n<p>\u2022sichere Beherrschung der deutschen Sprache in Wort und Schrift, Englischkenntnisse sind von Vorteil<\/p>\n<p>\u2022Teamf\u00e4higkeit<\/p>\n<p><strong>Wir bieten Ihnen:<\/strong><br \/>\n\u2022Ein abwechslungsreiches Aufgabengebiet in einem interdisziplin\u00e4ren, hoch motivierten Team<\/p>\n<p>\u2022Gr\u00fcndliche Einarbeitung und kollegiale Unterst\u00fctzung<\/p>\n<p>\u2022F\u00f6rderung von Weiterbildungen im medizinischen und epidemiologischen Bereich<\/p>\n<p>\u2022Arbeitsbedingungen, die die Vereinbarkeit von Beruf und Familie f\u00f6rdern<\/p>\n<p>\u2022Flexible Arbeitszeiten und ein attraktives Arbeitsumfeld in zentraler Lage von Berlin<\/p>\n<p>\u2022Verg\u00fctung erfolgt nach TV\u00f6D-13 Bund (65%)<\/p>\n<p>Das Arbeitsverh\u00e4ltnis ist zun\u00e4chst auf 2 Jahre befristet.<\/p>\n<p>Das DRFZ ist ein Institut, das Chancengleichheit und F\u00f6rderma\u00dfnahmen zugunsten von Minderheiten ber\u00fccksichtigt. Bewerbungen von Menschen mit Migrationshintergrund, schwerbehinderten Menschen und Menschen aus unterrepr\u00e4sentierten Gruppen, die die Rekrutierungsanforderungen erf\u00fcllen, sind sehr willkommen. Der Arbeitsort befindet sich in Berlin-Mitte.<\/p>\n<p>Ihre Bewerbung mit Motivationsschreiben, Lebenslauf und Arbeitszeugnissen richten Sie bitte in elektronischer Form bis zum 31.03.2026 an Ina Liedmann (<a href=\"mailto:liedmann@drfz.de\">liedmann@drfz.de<\/a>).<\/p>\n<p>F\u00fcr R\u00fcckfragen steht Ihnen Frau Liedmann unter der E-Mail-Adresse <a href=\"mailto:liedmann@drfz.de\">liedmann@drfz.de<\/a> oder telefonisch unter<br \/>\n030\/28460-742 zur Verf\u00fcgung.<br \/>\nDeutsches Rheuma-Forschungszentrum Berlin<br \/>\nEin Institut der Leibniz-Gemeinschaft<br \/>\nCharit\u00e9platz 1<br \/>\n10117 Berlin<\/p>\n            <\/div>\n                  <\/div>\n\n                  <nav class=\"text-grid-with-links__links\">\n            <a href=\"\/arbeitsgruppen\/kinder-und-jugendrheumatologie\/\" class=\"text-grid-with-links__link launimation slideBottom\" title=\"AG Minden\" target=\"_blank\"><span>AG Minden<\/span><\/a>          <\/nav>\n        \n      <\/div><!-- container-double -->\n    <\/div><!-- container -->\n\n  <\/section>\n\n\n\n\n  <section id=\"dieses-stellenangebot-als-pdf-download\"\n           class=\"section downloads  alignwide \">\n\n    <div class=\"container container--center\">\n      <div class=\"downloads__wrapper has-header-link\">\n                  <h2 class=\"section__heading launimation slideBottom\">Dieses Stellenangebot als PDF-Download<\/h2>\n        \n        \n                  <div class=\"downloads__files\">\n                          <a href=\"https:\/\/www.drfz.de\/wp-content\/uploads\/2026\/02\/DRFZ_Ausschreibung_Promotionsstelle_202602_final.pdf\" download\n                 class=\"h6 downloads__file box over launimation slideBottom\">\n                <span class=\"downloads__file-name\">Stellenangebot als PDF-Download<\/span>\n                <i class=\"icon icon--download\"><\/i>\n              <\/a>\n                      <\/div>\n        \n              <\/div>\n    <\/div><!-- container -->\n\n  <\/section>\n\n\n\n\n<p class=\"wp-block-paragraph\"><\/p>\n","protected":false},"excerpt":{"rendered":"","protected":false},"author":13,"featured_media":0,"parent":0,"menu_order":0,"comment_status":"closed","ping_status":"closed","template":"","meta":{"_acf_changed":false,"footnotes":""},"class_list":["post-21344","page","type-page","status-publish","hentry"],"acf":[],"yoast_head":"<!-- This site is optimized with the Yoast SEO plugin v27.3 - https:\/\/yoast.com\/product\/yoast-seo-wordpress\/ -->\n<title>Wissenschaftliche\/n Mitarbeiter*in (m\/w\/d)zur Promotion - DRFZ<\/title>\n<meta name=\"robots\" content=\"index, follow, max-snippet:-1, max-image-preview:large, max-video-preview:-1\" \/>\n<link rel=\"canonical\" href=\"https:\/\/www.drfz.de\/en\/wissenschaftliche-n-mitarbeiterin-m-w-dzur-promotion\/\" \/>\n<meta property=\"og:locale\" content=\"en_US\" \/>\n<meta property=\"og:type\" content=\"article\" \/>\n<meta property=\"og:title\" content=\"Wissenschaftliche\/n Mitarbeiter*in (m\/w\/d)zur Promotion - DRFZ\" \/>\n<meta property=\"og:url\" content=\"https:\/\/www.drfz.de\/en\/wissenschaftliche-n-mitarbeiterin-m-w-dzur-promotion\/\" \/>\n<meta property=\"og:site_name\" content=\"DRFZ\" \/>\n<meta property=\"article:publisher\" content=\"https:\/\/www.facebook.com\/drfz.de\/\" \/>\n<meta property=\"article:modified_time\" content=\"2026-02-25T12:46:35+00:00\" \/>\n<meta property=\"og:image\" content=\"https:\/\/www.drfz.de\/wp-content\/uploads\/2024\/11\/0265bc75f81cee07e381d8975805d2a6.png\" \/>\n\t<meta property=\"og:image:width\" content=\"1024\" \/>\n\t<meta property=\"og:image:height\" content=\"1024\" \/>\n\t<meta property=\"og:image:type\" content=\"image\/png\" \/>\n<meta name=\"twitter:card\" content=\"summary_large_image\" \/>\n<meta name=\"twitter:site\" content=\"@DRFZ_Berlin\" \/>\n<meta name=\"twitter:label1\" content=\"Est. reading time\" \/>\n\t<meta name=\"twitter:data1\" content=\"3 minutes\" \/>\n<script type=\"application\/ld+json\" class=\"yoast-schema-graph\">{\"@context\":\"https:\\\/\\\/schema.org\",\"@graph\":[{\"@type\":\"WebPage\",\"@id\":\"https:\\\/\\\/www.drfz.de\\\/en\\\/wissenschaftliche-n-mitarbeiterin-m-w-dzur-promotion\\\/\",\"url\":\"https:\\\/\\\/www.drfz.de\\\/en\\\/wissenschaftliche-n-mitarbeiterin-m-w-dzur-promotion\\\/\",\"name\":\"Wissenschaftliche\\\/n Mitarbeiter*in (m\\\/w\\\/d)zur Promotion - DRFZ\",\"isPartOf\":{\"@id\":\"https:\\\/\\\/www.drfz.de\\\/en\\\/#website\"},\"datePublished\":\"2026-02-25T12:46:34+00:00\",\"dateModified\":\"2026-02-25T12:46:35+00:00\",\"breadcrumb\":{\"@id\":\"https:\\\/\\\/www.drfz.de\\\/en\\\/wissenschaftliche-n-mitarbeiterin-m-w-dzur-promotion\\\/#breadcrumb\"},\"inLanguage\":\"en-US\",\"potentialAction\":[{\"@type\":\"ReadAction\",\"target\":[\"https:\\\/\\\/www.drfz.de\\\/en\\\/wissenschaftliche-n-mitarbeiterin-m-w-dzur-promotion\\\/\"]}]},{\"@type\":\"BreadcrumbList\",\"@id\":\"https:\\\/\\\/www.drfz.de\\\/en\\\/wissenschaftliche-n-mitarbeiterin-m-w-dzur-promotion\\\/#breadcrumb\",\"itemListElement\":[{\"@type\":\"ListItem\",\"position\":1,\"name\":\"Home\",\"item\":\"https:\\\/\\\/www.drfz.de\\\/en\\\/\"},{\"@type\":\"ListItem\",\"position\":2,\"name\":\"Wissenschaftliche\\\/n Mitarbeiter*in (m\\\/w\\\/d)zur Promotion\"}]},{\"@type\":\"WebSite\",\"@id\":\"https:\\\/\\\/www.drfz.de\\\/en\\\/#website\",\"url\":\"https:\\\/\\\/www.drfz.de\\\/en\\\/\",\"name\":\"DRFZ\",\"description\":\"\",\"publisher\":{\"@id\":\"https:\\\/\\\/www.drfz.de\\\/en\\\/#organization\"},\"potentialAction\":[{\"@type\":\"SearchAction\",\"target\":{\"@type\":\"EntryPoint\",\"urlTemplate\":\"https:\\\/\\\/www.drfz.de\\\/en\\\/?s={search_term_string}\"},\"query-input\":{\"@type\":\"PropertyValueSpecification\",\"valueRequired\":true,\"valueName\":\"search_term_string\"}}],\"inLanguage\":\"en-US\"},{\"@type\":\"Organization\",\"@id\":\"https:\\\/\\\/www.drfz.de\\\/en\\\/#organization\",\"name\":\"Deutsches Rheuma-Forschungszentrum\",\"url\":\"https:\\\/\\\/www.drfz.de\\\/en\\\/\",\"logo\":{\"@type\":\"ImageObject\",\"inLanguage\":\"en-US\",\"@id\":\"https:\\\/\\\/www.drfz.de\\\/en\\\/#\\\/schema\\\/logo\\\/image\\\/\",\"url\":\"https:\\\/\\\/www.drfz.de\\\/wp-content\\\/uploads\\\/2024\\\/10\\\/drfz-footer-logo.svg\",\"contentUrl\":\"https:\\\/\\\/www.drfz.de\\\/wp-content\\\/uploads\\\/2024\\\/10\\\/drfz-footer-logo.svg\",\"width\":1,\"height\":1,\"caption\":\"Deutsches Rheuma-Forschungszentrum\"},\"image\":{\"@id\":\"https:\\\/\\\/www.drfz.de\\\/en\\\/#\\\/schema\\\/logo\\\/image\\\/\"},\"sameAs\":[\"https:\\\/\\\/www.facebook.com\\\/drfz.de\\\/\",\"https:\\\/\\\/x.com\\\/DRFZ_Berlin\",\"https:\\\/\\\/www.linkedin.com\\\/company\\\/deutsches-rheuma-forschungszentrum-berlin\",\"https:\\\/\\\/www.youtube.com\\\/channel\\\/UCf8nDuqpkWwcmCWmfSTkE3w\"]}]}<\/script>\n<!-- \/ Yoast SEO plugin. -->","yoast_head_json":{"title":"Wissenschaftliche\/n Mitarbeiter*in (m\/w\/d)zur Promotion - DRFZ","robots":{"index":"index","follow":"follow","max-snippet":"max-snippet:-1","max-image-preview":"max-image-preview:large","max-video-preview":"max-video-preview:-1"},"canonical":"https:\/\/www.drfz.de\/en\/wissenschaftliche-n-mitarbeiterin-m-w-dzur-promotion\/","og_locale":"en_US","og_type":"article","og_title":"Wissenschaftliche\/n Mitarbeiter*in (m\/w\/d)zur Promotion - DRFZ","og_url":"https:\/\/www.drfz.de\/en\/wissenschaftliche-n-mitarbeiterin-m-w-dzur-promotion\/","og_site_name":"DRFZ","article_publisher":"https:\/\/www.facebook.com\/drfz.de\/","article_modified_time":"2026-02-25T12:46:35+00:00","og_image":[{"width":1024,"height":1024,"url":"https:\/\/www.drfz.de\/wp-content\/uploads\/2024\/11\/0265bc75f81cee07e381d8975805d2a6.png","type":"image\/png"}],"twitter_card":"summary_large_image","twitter_site":"@DRFZ_Berlin","twitter_misc":{"Est. reading time":"3 minutes"},"schema":{"@context":"https:\/\/schema.org","@graph":[{"@type":"WebPage","@id":"https:\/\/www.drfz.de\/en\/wissenschaftliche-n-mitarbeiterin-m-w-dzur-promotion\/","url":"https:\/\/www.drfz.de\/en\/wissenschaftliche-n-mitarbeiterin-m-w-dzur-promotion\/","name":"Wissenschaftliche\/n Mitarbeiter*in (m\/w\/d)zur Promotion - DRFZ","isPartOf":{"@id":"https:\/\/www.drfz.de\/en\/#website"},"datePublished":"2026-02-25T12:46:34+00:00","dateModified":"2026-02-25T12:46:35+00:00","breadcrumb":{"@id":"https:\/\/www.drfz.de\/en\/wissenschaftliche-n-mitarbeiterin-m-w-dzur-promotion\/#breadcrumb"},"inLanguage":"en-US","potentialAction":[{"@type":"ReadAction","target":["https:\/\/www.drfz.de\/en\/wissenschaftliche-n-mitarbeiterin-m-w-dzur-promotion\/"]}]},{"@type":"BreadcrumbList","@id":"https:\/\/www.drfz.de\/en\/wissenschaftliche-n-mitarbeiterin-m-w-dzur-promotion\/#breadcrumb","itemListElement":[{"@type":"ListItem","position":1,"name":"Home","item":"https:\/\/www.drfz.de\/en\/"},{"@type":"ListItem","position":2,"name":"Wissenschaftliche\/n Mitarbeiter*in (m\/w\/d)zur Promotion"}]},{"@type":"WebSite","@id":"https:\/\/www.drfz.de\/en\/#website","url":"https:\/\/www.drfz.de\/en\/","name":"DRFZ","description":"","publisher":{"@id":"https:\/\/www.drfz.de\/en\/#organization"},"potentialAction":[{"@type":"SearchAction","target":{"@type":"EntryPoint","urlTemplate":"https:\/\/www.drfz.de\/en\/?s={search_term_string}"},"query-input":{"@type":"PropertyValueSpecification","valueRequired":true,"valueName":"search_term_string"}}],"inLanguage":"en-US"},{"@type":"Organization","@id":"https:\/\/www.drfz.de\/en\/#organization","name":"Deutsches Rheuma-Forschungszentrum","url":"https:\/\/www.drfz.de\/en\/","logo":{"@type":"ImageObject","inLanguage":"en-US","@id":"https:\/\/www.drfz.de\/en\/#\/schema\/logo\/image\/","url":"https:\/\/www.drfz.de\/wp-content\/uploads\/2024\/10\/drfz-footer-logo.svg","contentUrl":"https:\/\/www.drfz.de\/wp-content\/uploads\/2024\/10\/drfz-footer-logo.svg","width":1,"height":1,"caption":"Deutsches Rheuma-Forschungszentrum"},"image":{"@id":"https:\/\/www.drfz.de\/en\/#\/schema\/logo\/image\/"},"sameAs":["https:\/\/www.facebook.com\/drfz.de\/","https:\/\/x.com\/DRFZ_Berlin","https:\/\/www.linkedin.com\/company\/deutsches-rheuma-forschungszentrum-berlin","https:\/\/www.youtube.com\/channel\/UCf8nDuqpkWwcmCWmfSTkE3w"]}]}},"_links":{"self":[{"href":"https:\/\/www.drfz.de\/en\/wp-json\/wp\/v2\/pages\/21344","targetHints":{"allow":["GET"]}}],"collection":[{"href":"https:\/\/www.drfz.de\/en\/wp-json\/wp\/v2\/pages"}],"about":[{"href":"https:\/\/www.drfz.de\/en\/wp-json\/wp\/v2\/types\/page"}],"author":[{"embeddable":true,"href":"https:\/\/www.drfz.de\/en\/wp-json\/wp\/v2\/users\/13"}],"replies":[{"embeddable":true,"href":"https:\/\/www.drfz.de\/en\/wp-json\/wp\/v2\/comments?post=21344"}],"version-history":[{"count":2,"href":"https:\/\/www.drfz.de\/en\/wp-json\/wp\/v2\/pages\/21344\/revisions"}],"predecessor-version":[{"id":21346,"href":"https:\/\/www.drfz.de\/en\/wp-json\/wp\/v2\/pages\/21344\/revisions\/21346"}],"wp:attachment":[{"href":"https:\/\/www.drfz.de\/en\/wp-json\/wp\/v2\/media?parent=21344"}],"curies":[{"name":"wp","href":"https:\/\/api.w.org\/{rel}","templated":true}]}}