{"id":22068,"date":"2026-04-15T11:55:38","date_gmt":"2026-04-15T11:55:38","guid":{"rendered":"https:\/\/www.drfz.de\/?page_id=22068"},"modified":"2026-04-15T13:08:47","modified_gmt":"2026-04-15T13:08:47","slug":"labormanager-in-m-w-div","status":"publish","type":"page","link":"https:\/\/www.drfz.de\/en\/labormanager-in-m-w-div\/","title":{"rendered":"Labormanager\/in (m\/w\/div)"},"content":{"rendered":"\n  <section id=\"lorem-ipsum-dolor-sit-amet\" class=\"section text-grid-with-links  alignwide bg bg--full-width bg--aqua-100\">\n\n    <div class=\"container container--center\">\n      <div class=\"text-grid-with-links__wrapper\">\n\n                  <h2 class=\"text-grid-with-links__heading launimation slideBottom\">Labormanager\/in (m\/w\/div)<\/h2>\n        \n        <div class=\"text-grid-with-links__text\">\n                      <div class=\"text-grid-with-links__desc wysiwyg launimation slideBottom\">\n              <p>Das Deutsche Rheuma-Forschungszentrum Berlin (DRFZ), ein Institut der Leibniz Gemeinschaft, wurde 1988 gegr\u00fcndet und ist mit seinem Fokus auf rheumatische Erkrankungen einzigartig in Deutschland. Heute z\u00e4hlt das DRFZ zu den international f\u00fchrenden Instituten auf dem Gebiet der Immunologie, experimentellen Rheumatologie und Rheuma-Epidemiologie. Dies ist nicht zuletzt auf die einzigartige fach\u00fcbergreifende Zusammenarbeit der am DRFZ forschenden Expertinnen und Experten in den Bereichen Biologie, Biotechnologie, Bioinformatik, Chemie, Physik, Medizin, Soziologie, und Statistik zur\u00fcckzuf\u00fchren. Sie erforschen die Ursachen, den Verlauf und die Versorgung rheumatischer Erkrankungen.<\/p>\n<p>Wir suchen zur Unterst\u00fctzung unserer erfahrenen Kolleginnen, zum n\u00e4chst m\u00f6glichen Zeitpunkt, eine\/n<\/p>\n<p>Labormanager\/in (m\/w\/div)<br \/>\n(Vollzeit\/ Teilzeit m\u00f6glich)<\/p>\n<p>Aufgaben:<br \/>\nZu den Aufgaben geh\u00f6ren:<br \/>\n&#8211; Pflege und Kultivierung von Zelllinien<br \/>\n&#8211; Proteinchemische Arbeiten (SDS-PAGE, IEF, FPLC etc.)<br \/>\n&#8211; Molekularbiologische Arbeiten (Next generation sequencing etc.)<br \/>\n&#8211; Allgemeine Labororganisation inkl. Planung der Labor-und Ger\u00e4teausstattung<br \/>\n&#8211; Einweisung und Anleitung der Labormitarbeiter*innen<\/p>\n<p>Anforderungsprofil:<\/p>\n<p>Wir erwarten von Ihnen ein abgeschlossenes naturwissenschaftliches Studium (B.Sc.\/M.Sc.) in den Bereichen Biologie, Biochemie, Biotechnologie oder vergleichbar. Neben einer mehrj\u00e4hrigen Berufserfahrung im Laborbereich, einem hohen Ma\u00df an Sorgfalt, Verantwortungsbewusstsein und der F\u00e4higkeit zum eigenst\u00e4ndigen Arbeiten wird eine flexible und teamorientierte Arbeitsweise vorausgesetzt.<\/p>\n<p>Wir bieten:<\/p>\n<p>&#8211; ein abwechslungsreiches, anspruchsvolles Aufgabengebiet<br \/>\n&#8211; ein hoch motiviertes Team<br \/>\n&#8211; ein attraktives Arbeitsumfeld<\/p>\n<p>Das Arbeitsverh\u00e4ltnis ist zun\u00e4chst f\u00fcr 2 Jahre befristet. Eine Verl\u00e4ngerung wird angestrebt.<br \/>\nDie Bezahlung erfolgt nach TV\u00f6D-10 Bund.<br \/>\nDas DRFZ ist ein Institut, das Chancengleichheit und F\u00f6rderma\u00dfnahmen zugunsten von Minderheiten ber\u00fccksichtigt. Bewerbungen von Menschen mit Migrationshintergrund, schwerbehinderten Menschen und Menschen aus unterrepr\u00e4sentierten Gruppen, die die Rekrutierungsanforderungen erf\u00fcllen, sind sehr willkommen. Der Arbeitsort befindet sich in Berlin-Mitte.<br \/>\nIhre Bewerbung mit Lebenslauf und Arbeitszeugnissen richten Sie bitte in elektronischer Form bis zum 30.04.2026 unter dem Kennwort \u201eLabormanager\/in\u201c an: <a href=\"mailto:recruitment@drfz.de\" target=\"_blank\">recruitment@drfz.de<\/a><\/p>\n<p>Deutsches Rheuma-Forschungszentrum Berlin<br \/>\nEin Institut der Leibniz-Gemeinschaft<br \/>\nCharit\u00e9platz 1<br \/>\n10117 Berlin<\/p>\n            <\/div>\n                  <\/div>\n\n                  <nav class=\"text-grid-with-links__links\">\n            <a href=\"https:\/\/www.drfz.de\/en\/central-laboratory\/\" class=\"text-grid-with-links__link launimation slideBottom\" title=\"Zentrallabor\" target=\"_blank\"><span>Zentrallabor<\/span><\/a>          <\/nav>\n        \n      <\/div><!-- container-double -->\n    <\/div><!-- container -->\n\n  <\/section>\n\n","protected":false},"excerpt":{"rendered":"","protected":false},"author":13,"featured_media":0,"parent":0,"menu_order":0,"comment_status":"closed","ping_status":"closed","template":"","meta":{"_acf_changed":false,"footnotes":""},"class_list":["post-22068","page","type-page","status-publish","hentry"],"acf":[],"yoast_head":"<!-- This site is optimized with the Yoast SEO plugin v27.4 - https:\/\/yoast.com\/product\/yoast-seo-wordpress\/ -->\n<title>Labormanager\/in (m\/w\/div) - DRFZ<\/title>\n<meta name=\"robots\" content=\"index, follow, max-snippet:-1, max-image-preview:large, max-video-preview:-1\" \/>\n<link rel=\"canonical\" href=\"https:\/\/www.drfz.de\/en\/labormanager-in-m-w-div\/\" \/>\n<meta property=\"og:locale\" content=\"en_US\" \/>\n<meta property=\"og:type\" content=\"article\" \/>\n<meta property=\"og:title\" content=\"Labormanager\/in (m\/w\/div) - DRFZ\" \/>\n<meta property=\"og:url\" content=\"https:\/\/www.drfz.de\/en\/labormanager-in-m-w-div\/\" \/>\n<meta property=\"og:site_name\" content=\"DRFZ\" \/>\n<meta property=\"article:publisher\" content=\"https:\/\/www.facebook.com\/drfz.de\/\" \/>\n<meta property=\"article:modified_time\" content=\"2026-04-15T13:08:47+00:00\" \/>\n<meta property=\"og:image\" content=\"https:\/\/www.drfz.de\/wp-content\/uploads\/2024\/11\/0265bc75f81cee07e381d8975805d2a6.png\" \/>\n\t<meta property=\"og:image:width\" content=\"1024\" \/>\n\t<meta property=\"og:image:height\" content=\"1024\" \/>\n\t<meta property=\"og:image:type\" content=\"image\/png\" \/>\n<meta name=\"twitter:card\" content=\"summary_large_image\" \/>\n<meta name=\"twitter:site\" content=\"@DRFZ_Berlin\" \/>\n<meta name=\"twitter:label1\" content=\"Est. reading time\" \/>\n\t<meta name=\"twitter:data1\" content=\"2 minutes\" \/>\n<script type=\"application\/ld+json\" class=\"yoast-schema-graph\">{\"@context\":\"https:\\\/\\\/schema.org\",\"@graph\":[{\"@type\":\"WebPage\",\"@id\":\"https:\\\/\\\/www.drfz.de\\\/en\\\/labormanager-in-m-w-div\\\/\",\"url\":\"https:\\\/\\\/www.drfz.de\\\/en\\\/labormanager-in-m-w-div\\\/\",\"name\":\"Labormanager\\\/in (m\\\/w\\\/div) - DRFZ\",\"isPartOf\":{\"@id\":\"https:\\\/\\\/www.drfz.de\\\/en\\\/#website\"},\"datePublished\":\"2026-04-15T11:55:38+00:00\",\"dateModified\":\"2026-04-15T13:08:47+00:00\",\"breadcrumb\":{\"@id\":\"https:\\\/\\\/www.drfz.de\\\/en\\\/labormanager-in-m-w-div\\\/#breadcrumb\"},\"inLanguage\":\"en-US\",\"potentialAction\":[{\"@type\":\"ReadAction\",\"target\":[\"https:\\\/\\\/www.drfz.de\\\/en\\\/labormanager-in-m-w-div\\\/\"]}]},{\"@type\":\"BreadcrumbList\",\"@id\":\"https:\\\/\\\/www.drfz.de\\\/en\\\/labormanager-in-m-w-div\\\/#breadcrumb\",\"itemListElement\":[{\"@type\":\"ListItem\",\"position\":1,\"name\":\"Home\",\"item\":\"https:\\\/\\\/www.drfz.de\\\/en\\\/\"},{\"@type\":\"ListItem\",\"position\":2,\"name\":\"Labormanager\\\/in (m\\\/w\\\/div)\"}]},{\"@type\":\"WebSite\",\"@id\":\"https:\\\/\\\/www.drfz.de\\\/en\\\/#website\",\"url\":\"https:\\\/\\\/www.drfz.de\\\/en\\\/\",\"name\":\"DRFZ\",\"description\":\"\",\"publisher\":{\"@id\":\"https:\\\/\\\/www.drfz.de\\\/en\\\/#organization\"},\"potentialAction\":[{\"@type\":\"SearchAction\",\"target\":{\"@type\":\"EntryPoint\",\"urlTemplate\":\"https:\\\/\\\/www.drfz.de\\\/en\\\/?s={search_term_string}\"},\"query-input\":{\"@type\":\"PropertyValueSpecification\",\"valueRequired\":true,\"valueName\":\"search_term_string\"}}],\"inLanguage\":\"en-US\"},{\"@type\":\"Organization\",\"@id\":\"https:\\\/\\\/www.drfz.de\\\/en\\\/#organization\",\"name\":\"Deutsches Rheuma-Forschungszentrum\",\"url\":\"https:\\\/\\\/www.drfz.de\\\/en\\\/\",\"logo\":{\"@type\":\"ImageObject\",\"inLanguage\":\"en-US\",\"@id\":\"https:\\\/\\\/www.drfz.de\\\/en\\\/#\\\/schema\\\/logo\\\/image\\\/\",\"url\":\"https:\\\/\\\/www.drfz.de\\\/wp-content\\\/uploads\\\/2024\\\/10\\\/drfz-footer-logo.svg\",\"contentUrl\":\"https:\\\/\\\/www.drfz.de\\\/wp-content\\\/uploads\\\/2024\\\/10\\\/drfz-footer-logo.svg\",\"width\":1,\"height\":1,\"caption\":\"Deutsches Rheuma-Forschungszentrum\"},\"image\":{\"@id\":\"https:\\\/\\\/www.drfz.de\\\/en\\\/#\\\/schema\\\/logo\\\/image\\\/\"},\"sameAs\":[\"https:\\\/\\\/www.facebook.com\\\/drfz.de\\\/\",\"https:\\\/\\\/x.com\\\/DRFZ_Berlin\",\"https:\\\/\\\/www.linkedin.com\\\/company\\\/deutsches-rheuma-forschungszentrum-berlin\",\"https:\\\/\\\/www.youtube.com\\\/channel\\\/UCf8nDuqpkWwcmCWmfSTkE3w\"]}]}<\/script>\n<!-- \/ Yoast SEO plugin. -->","yoast_head_json":{"title":"Labormanager\/in (m\/w\/div) - DRFZ","robots":{"index":"index","follow":"follow","max-snippet":"max-snippet:-1","max-image-preview":"max-image-preview:large","max-video-preview":"max-video-preview:-1"},"canonical":"https:\/\/www.drfz.de\/en\/labormanager-in-m-w-div\/","og_locale":"en_US","og_type":"article","og_title":"Labormanager\/in (m\/w\/div) - DRFZ","og_url":"https:\/\/www.drfz.de\/en\/labormanager-in-m-w-div\/","og_site_name":"DRFZ","article_publisher":"https:\/\/www.facebook.com\/drfz.de\/","article_modified_time":"2026-04-15T13:08:47+00:00","og_image":[{"width":1024,"height":1024,"url":"https:\/\/www.drfz.de\/wp-content\/uploads\/2024\/11\/0265bc75f81cee07e381d8975805d2a6.png","type":"image\/png"}],"twitter_card":"summary_large_image","twitter_site":"@DRFZ_Berlin","twitter_misc":{"Est. reading time":"2 minutes"},"schema":{"@context":"https:\/\/schema.org","@graph":[{"@type":"WebPage","@id":"https:\/\/www.drfz.de\/en\/labormanager-in-m-w-div\/","url":"https:\/\/www.drfz.de\/en\/labormanager-in-m-w-div\/","name":"Labormanager\/in (m\/w\/div) - DRFZ","isPartOf":{"@id":"https:\/\/www.drfz.de\/en\/#website"},"datePublished":"2026-04-15T11:55:38+00:00","dateModified":"2026-04-15T13:08:47+00:00","breadcrumb":{"@id":"https:\/\/www.drfz.de\/en\/labormanager-in-m-w-div\/#breadcrumb"},"inLanguage":"en-US","potentialAction":[{"@type":"ReadAction","target":["https:\/\/www.drfz.de\/en\/labormanager-in-m-w-div\/"]}]},{"@type":"BreadcrumbList","@id":"https:\/\/www.drfz.de\/en\/labormanager-in-m-w-div\/#breadcrumb","itemListElement":[{"@type":"ListItem","position":1,"name":"Home","item":"https:\/\/www.drfz.de\/en\/"},{"@type":"ListItem","position":2,"name":"Labormanager\/in (m\/w\/div)"}]},{"@type":"WebSite","@id":"https:\/\/www.drfz.de\/en\/#website","url":"https:\/\/www.drfz.de\/en\/","name":"DRFZ","description":"","publisher":{"@id":"https:\/\/www.drfz.de\/en\/#organization"},"potentialAction":[{"@type":"SearchAction","target":{"@type":"EntryPoint","urlTemplate":"https:\/\/www.drfz.de\/en\/?s={search_term_string}"},"query-input":{"@type":"PropertyValueSpecification","valueRequired":true,"valueName":"search_term_string"}}],"inLanguage":"en-US"},{"@type":"Organization","@id":"https:\/\/www.drfz.de\/en\/#organization","name":"Deutsches Rheuma-Forschungszentrum","url":"https:\/\/www.drfz.de\/en\/","logo":{"@type":"ImageObject","inLanguage":"en-US","@id":"https:\/\/www.drfz.de\/en\/#\/schema\/logo\/image\/","url":"https:\/\/www.drfz.de\/wp-content\/uploads\/2024\/10\/drfz-footer-logo.svg","contentUrl":"https:\/\/www.drfz.de\/wp-content\/uploads\/2024\/10\/drfz-footer-logo.svg","width":1,"height":1,"caption":"Deutsches Rheuma-Forschungszentrum"},"image":{"@id":"https:\/\/www.drfz.de\/en\/#\/schema\/logo\/image\/"},"sameAs":["https:\/\/www.facebook.com\/drfz.de\/","https:\/\/x.com\/DRFZ_Berlin","https:\/\/www.linkedin.com\/company\/deutsches-rheuma-forschungszentrum-berlin","https:\/\/www.youtube.com\/channel\/UCf8nDuqpkWwcmCWmfSTkE3w"]}]}},"_links":{"self":[{"href":"https:\/\/www.drfz.de\/en\/wp-json\/wp\/v2\/pages\/22068","targetHints":{"allow":["GET"]}}],"collection":[{"href":"https:\/\/www.drfz.de\/en\/wp-json\/wp\/v2\/pages"}],"about":[{"href":"https:\/\/www.drfz.de\/en\/wp-json\/wp\/v2\/types\/page"}],"author":[{"embeddable":true,"href":"https:\/\/www.drfz.de\/en\/wp-json\/wp\/v2\/users\/13"}],"replies":[{"embeddable":true,"href":"https:\/\/www.drfz.de\/en\/wp-json\/wp\/v2\/comments?post=22068"}],"version-history":[{"count":1,"href":"https:\/\/www.drfz.de\/en\/wp-json\/wp\/v2\/pages\/22068\/revisions"}],"predecessor-version":[{"id":22069,"href":"https:\/\/www.drfz.de\/en\/wp-json\/wp\/v2\/pages\/22068\/revisions\/22069"}],"wp:attachment":[{"href":"https:\/\/www.drfz.de\/en\/wp-json\/wp\/v2\/media?parent=22068"}],"curies":[{"name":"wp","href":"https:\/\/api.w.org\/{rel}","templated":true}]}}